{"id":9384,"date":"2025-09-03T11:19:35","date_gmt":"2025-09-03T09:19:35","guid":{"rendered":"https:\/\/merca.team\/?page_id=9384"},"modified":"2025-09-03T11:22:10","modified_gmt":"2025-09-03T09:22:10","slug":"auditoria-de-madurez-digital","status":"publish","type":"page","link":"https:\/\/merca.team\/es\/audit-maturite-digitale\/","title":{"rendered":"Auditor\u00eda de madurez"},"content":{"rendered":"<p><\/p>\n\n\n\n<p><\/p>","protected":false},"excerpt":{"rendered":"","protected":false},"author":10,"featured_media":6202,"parent":0,"menu_order":0,"comment_status":"closed","ping_status":"closed","template":"","meta":{"_seopress_robots_primary_cat":"","_seopress_titles_title":"Audit de gestion des comp\u00e9tences industrielles - Mercateam","_seopress_titles_desc":"\u00c9valuez en ligne la maturit\u00e9 digitale de votre gestion des comp\u00e9tences industrielles. Un audit rapide pour optimiser savoir-faire, formation et planning.","_seopress_robots_index":"","footnotes":""},"page-type":[31],"class_list":["post-9384","page","type-page","status-publish","has-post-thumbnail","hentry"],"_links":{"self":[{"href":"https:\/\/merca.team\/es\/wp-json\/wp\/v2\/pages\/9384","targetHints":{"allow":["GET"]}}],"collection":[{"href":"https:\/\/merca.team\/es\/wp-json\/wp\/v2\/pages"}],"about":[{"href":"https:\/\/merca.team\/es\/wp-json\/wp\/v2\/types\/page"}],"author":[{"embeddable":true,"href":"https:\/\/merca.team\/es\/wp-json\/wp\/v2\/users\/10"}],"replies":[{"embeddable":true,"href":"https:\/\/merca.team\/es\/wp-json\/wp\/v2\/comments?post=9384"}],"version-history":[{"count":5,"href":"https:\/\/merca.team\/es\/wp-json\/wp\/v2\/pages\/9384\/revisions"}],"predecessor-version":[{"id":9511,"href":"https:\/\/merca.team\/es\/wp-json\/wp\/v2\/pages\/9384\/revisions\/9511"}],"wp:featuredmedia":[{"embeddable":true,"href":"https:\/\/merca.team\/es\/wp-json\/wp\/v2\/media\/6202"}],"wp:attachment":[{"href":"https:\/\/merca.team\/es\/wp-json\/wp\/v2\/media?parent=9384"}],"wp:term":[{"taxonomy":"page-type","embeddable":true,"href":"https:\/\/merca.team\/es\/wp-json\/wp\/v2\/page-type?post=9384"}],"curies":[{"name":"wp","href":"https:\/\/api.w.org\/{rel}","templated":true}]}}