{"id":767,"date":"2024-10-31T09:12:23","date_gmt":"2024-10-31T08:12:23","guid":{"rendered":"https:\/\/merca.presspulp.com\/?page_id=767"},"modified":"2024-12-18T13:56:02","modified_gmt":"2024-12-18T12:56:02","slug":"politica-de-cookies","status":"publish","type":"page","link":"https:\/\/merca.team\/es\/politique-de-cookies\/","title":{"rendered":"Pol\u00edtica de cookies"},"content":{"rendered":"<p><strong>Informaci\u00f3n sobre nuestro uso de cookies.<\/strong><\/p>\n\n\n\n<p>Este sitio web&nbsp;<a href=\"https:\/\/merca.team\/es\/\">https:\/\/merca.team\/<\/a>&nbsp;utiliza cookies para ayudarnos a proporcionar a nuestros usuarios una buena experiencia al navegar por nuestro sitio web y tambi\u00e9n para permitirnos mejorar nuestro sitio.<\/p>\n\n\n\n<h3 class=\"wp-block-heading\"><strong>\u00bfQu\u00e9 es una galleta?<\/strong><\/h3>\n\n\n\n<p>Una cookie es un peque\u00f1o archivo formado por letras y n\u00fameros que almacenamos en el navegador del usuario o en el disco duro de su ordenador si est\u00e1 de acuerdo. Las cookies contienen informaci\u00f3n que se transfiere al disco duro del ordenador del usuario.<\/p>\n\n\n\n<h3 class=\"wp-block-heading\"><strong>Tipos de cookies y c\u00f3mo las utilizamos.<\/strong><\/h3>\n\n\n\n<p>Analizamos peri\u00f3dicamente las cookies de nuestro sitio web y mantenemos actualizada nuestra lista de cookies. Clasificamos las cookies en cuatro categor\u00edas:<\/p>\n\n\n\n<ul class=\"wp-block-list\">\n<li><strong>Necesario:<\/strong>\u00a0Estas \u00faltimas son cookies necesarias para el funcionamiento de nuestro sitio web. Incluyen, por ejemplo, cookies que permiten a los visitantes del sitio web conectarse a zonas seguras de nuestro sitio web, utilizar una cesta de la compra o hacer uso de servicios de facturaci\u00f3n electr\u00f3nica.\n<ul class=\"wp-block-list\">\n<li><em>li_gc<\/em>\u00a0Caducidad : 180 d\u00edas Descripci\u00f3n : Se utiliza para almacenar el consentimiento del hu\u00e9sped para el uso de cookies con fines no esenciales<\/li>\n\n\n\n<li><em>AnalyticsSyncHistory<\/em>\u00a0Caducidad : 30 d\u00edas Descripci\u00f3n : Se utiliza para almacenar informaci\u00f3n sobre el momento en que tuvo lugar una sincronizaci\u00f3n con la cookie lms_analytics para los usuarios de los pa\u00edses designados.<\/li>\n\n\n\n<li><em>SRM_B<\/em>\u00a0Caducidad: 390 d\u00edas Descripci\u00f3n: Los datos de usuario recogidos se adaptan espec\u00edficamente al usuario o al dispositivo. El uso tambi\u00e9n puede seguirse fuera del sitio web cargado, creando una imagen del comportamiento del visitante.<\/li>\n\n\n\n<li><em>YSC<\/em>\u00a0Expiraci\u00f3n : Sesi\u00f3n Descripci\u00f3n : Registra un ID \u00fanico para mantener estad\u00edsticas de qu\u00e9 v\u00eddeos de YouTube ha visto el usuario.<\/li>\n\n\n\n<li><em>consentimiento previo<\/em>\u00a0Expiraci\u00f3n : Sesi\u00f3n Descripci\u00f3n : Esta cookie se utiliza para realizar un seguimiento de un consentimiento dado en la plataforma<\/li>\n<\/ul>\n<\/li>\n\n\n\n<li><strong>Marketing:<\/strong>\u00a0Estas cookies registran las visitas de los usuarios a nuestro sitio web, las p\u00e1ginas que visitan y los enlaces que siguen. Utilizaremos esta informaci\u00f3n para que nuestro sitio web y la publicidad que se muestra en \u00e9l sean m\u00e1s relevantes para los intereses de los visitantes de nuestro sitio web.\n<ul class=\"wp-block-list\">\n<li><em>personalizaci\u00f3n_id<\/em>\u00a0Caducidad: 400 d\u00edas Descripci\u00f3n: Valor \u00fanico con el que Twitter puede identificar a los usuarios. La informaci\u00f3n recopilada se utiliza para personalizar los servicios de Twitter, incluidas las tendencias, historias, anuncios y sugerencias de Twitter.<\/li>\n\n\n\n<li><em>muc_ads<\/em>\u00a0Caducidad: 400 d\u00edas Descripci\u00f3n: Estas cookies se colocan cuando usted llega a nuestro sitio web a trav\u00e9s de Twitter. Tambi\u00e9n se coloca una cookie de Twitter en nuestro sitio web, con la que posteriormente podemos mostrar una oferta relevante en Twitter<\/li>\n\n\n\n<li><em>lidc<\/em>\u00a0Caducidad : 1 d\u00edas Descripci\u00f3n : Utilizada por el servicio de red social LinkedIn para el seguimiento del uso de servicios integrados.<\/li>\n\n\n\n<li><em>bcookie<\/em>\u00a0Caducidad: 365 d\u00edas Descripci\u00f3n: Utilizado por LinkedIn para rastrear el uso de servicios integrados.<\/li>\n\n\n\n<li>__<em>hstc<\/em>\u00a0Caducidad: 180 d\u00edas Descripci\u00f3n: Para almacenar la hora de la visita.<\/li>\n\n\n\n<li><em>hubspotutk<\/em>\u00a0Caducidad: 180 d\u00edas Descripci\u00f3n: para almacenar y rastrear la identidad de un visitante.<\/li>\n\n\n\n<li>_<em>gcl_au<\/em>\u00a0Caducidad : 90 d\u00edas Descripci\u00f3n : Utilizado por Google AdSense para experimentar con la eficacia de la publicidad en los sitios web que utilizan sus servicios.<\/li>\n\n\n\n<li><em>IDE<\/em>\u00a0Caducidad : 390 d\u00edas Descripci\u00f3n : Esta cookie se utiliza para la segmentaci\u00f3n, el an\u00e1lisis y la optimizaci\u00f3n de campa\u00f1as publicitarias en DoubleClick\/Google Marketing Suite.<\/li>\n\n\n\n<li><em>UserMatchHistory<\/em>\u00a0Caducidad: 30 d\u00edas Descripci\u00f3n: Estas cookies son instaladas por LinkedIn con fines publicitarios, incluyendo: seguimiento de los visitantes para que se puedan presentar anuncios m\u00e1s relevantes, permitir a los usuarios utilizar las funciones \"Aplicar con LinkedIn\" o \"Iniciar sesi\u00f3n con LinkedIn\", recopilar informaci\u00f3n sobre c\u00f3mo los visitantes utilizan el sitio, etc.<\/li>\n\n\n\n<li><em>bscookie<\/em>\u00a0Caducidad: 365 d\u00edas Descripci\u00f3n: Utilizado por LinkedIn para rastrear el uso de servicios integrados.<\/li>\n\n\n\n<li><em>MR<\/em>\u00a0Caducidad : 7 d\u00edas Descripci\u00f3n : Se utiliza para recopilar informaci\u00f3n con fines anal\u00edticos.<\/li>\n\n\n\n<li><em>VISITOR_INFO1_LIVE<\/em>\u00a0Caducidad: 180 d\u00edas Descripci\u00f3n: Intenta estimar el ancho de banda de los usuarios en p\u00e1ginas con v\u00eddeos de YouTube integrados.<\/li>\n<\/ul>\n<\/li>\n\n\n\n<li><strong>Estad\u00edsticas:<\/strong>\u00a0Nos permiten reconocer y contar el n\u00famero de visitantes y ver c\u00f3mo se mueven por nuestro sitio web cuando lo utilizan. Esto nos ayuda a mejorar el funcionamiento de nuestro sitio web, por ejemplo, garantizando que los usuarios puedan encontrar f\u00e1cilmente lo que buscan.\n<ul class=\"wp-block-list\">\n<li><em>CLID<\/em>\u00a0Caducidad: 365 d\u00edas Descripci\u00f3n: La cookie es establecida por los scripts integrados de Microsoft Clarity. La finalidad de esta cookie es registrar el mapa de calor y la sesi\u00f3n.<\/li>\n\n\n\n<li>_<em>clsk<\/em>\u00a0Caducidad: 1 d\u00eda Descripci\u00f3n: Esta cookie es instalada por Microsoft Clarity para almacenar informaci\u00f3n sobre c\u00f3mo los visitantes utilizan un sitio web y ayudar a crear un informe anal\u00edtico de c\u00f3mo est\u00e1 funcionando el sitio web. Los datos recopilados incluyen el n\u00famero de visitantes, la fuente de la que proceden y las p\u00e1ginas visitadas de forma an\u00f3nima.<\/li>\n\n\n\n<li>__<em>hssrc<\/em>\u00a0Caducidad : Sesi\u00f3n Descripci\u00f3n : para almacenar un ID de sesi\u00f3n \u00fanico.<\/li>\n\n\n\n<li>__<em>hssc<\/em>\u00a0Caducidad : 1 hora Descripci\u00f3n : para almacenar estad\u00edsticas anonimizadas.<\/li>\n\n\n\n<li>_<em>ga<\/em>\u00a0Caducidad: 400 d\u00edas Descripci\u00f3n: ID utilizado para identificar a los usuarios<\/li>\n\n\n\n<li><strong>ga<\/strong>\u00a0Caducidad: 400 d\u00edas Descripci\u00f3n: ID utilizado para identificar a los usuarios<\/li>\n\n\n\n<li><em>SM<\/em>\u00a0Expiraci\u00f3n : Sesi\u00f3n Descripci\u00f3n : Se trata de una cookie de Microsoft que utilizamos para medir el uso del sitio web con fines de an\u00e1lisis interno.<\/li>\n\n\n\n<li>_<em>clck<\/em>\u00a0Caducidad : 365 d\u00edas Descripci\u00f3n : Esta cookie es instalada por Microsoft Clarity para almacenar informaci\u00f3n de c\u00f3mo los visitantes utilizan un sitio web y ayudar a crear un informe anal\u00edtico de c\u00f3mo est\u00e1 funcionando el sitio web. Los datos recogidos incluyen el n\u00famero de visitantes, la fuente de la que proceden y las p\u00e1ginas visitadas de forma an\u00f3nima.<\/li>\n<\/ul>\n<\/li>\n\n\n\n<li><strong>Preferencias:<\/strong>\u00a0Se utilizan para reconocer a los usuarios cuando vuelven a nuestro sitio web. Esto nos permite personalizar el contenido para ellos y conservar sus preferencias (por ejemplo, su elecci\u00f3n de idioma o regi\u00f3n).\n<ul class=\"wp-block-list\">\n<li><em>li_sugr<\/em>\u00a0Caducidad: 90 d\u00edas Descripci\u00f3n: Se utiliza para realizar una comprobaci\u00f3n probabil\u00edstica de la identidad de un usuario fuera de los pa\u00edses designados.<\/li>\n<\/ul>\n<\/li>\n<\/ul>\n\n\n\n<p>Dependiendo de la ubicaci\u00f3n del usuario, \u00e9ste podr\u00e1 optar por excluirse de cada categor\u00eda de cookies (a excepci\u00f3n de las cookies necesarias) haciendo clic en \"Establecer autorizaci\u00f3n personalizada\" en el banner de cookies de nuestro sitio web.<\/p>","protected":false},"excerpt":{"rendered":"<p>Informations sur notre utilisation des cookies. Ce site Web&nbsp;https:\/\/merca.team\/&nbsp;utilise des cookies pour nous aider \u00e0 offrir \u00e0 nos utilisateurs une bonne exp\u00e9rience lorsqu&rsquo;ils naviguent sur notre site web et nous permet \u00e9galement d&rsquo;am\u00e9liorer notre site. Qu&rsquo;est-ce qu&rsquo;un cookie ? Un cookie est un petit fichier compos\u00e9 de lettres et de chiffres que nous stockons sur [&hellip;]<\/p>\n","protected":false},"author":1,"featured_media":0,"parent":0,"menu_order":0,"comment_status":"closed","ping_status":"closed","template":"","meta":{"_seopress_robots_primary_cat":"","_seopress_titles_title":"","_seopress_titles_desc":"","_seopress_robots_index":"","footnotes":""},"page-type":[],"class_list":["post-767","page","type-page","status-publish","hentry"],"_links":{"self":[{"href":"https:\/\/merca.team\/es\/wp-json\/wp\/v2\/pages\/767","targetHints":{"allow":["GET"]}}],"collection":[{"href":"https:\/\/merca.team\/es\/wp-json\/wp\/v2\/pages"}],"about":[{"href":"https:\/\/merca.team\/es\/wp-json\/wp\/v2\/types\/page"}],"author":[{"embeddable":true,"href":"https:\/\/merca.team\/es\/wp-json\/wp\/v2\/users\/1"}],"replies":[{"embeddable":true,"href":"https:\/\/merca.team\/es\/wp-json\/wp\/v2\/comments?post=767"}],"version-history":[{"count":0,"href":"https:\/\/merca.team\/es\/wp-json\/wp\/v2\/pages\/767\/revisions"}],"wp:attachment":[{"href":"https:\/\/merca.team\/es\/wp-json\/wp\/v2\/media?parent=767"}],"wp:term":[{"taxonomy":"page-type","embeddable":true,"href":"https:\/\/merca.team\/es\/wp-json\/wp\/v2\/page-type?post=767"}],"curies":[{"name":"wp","href":"https:\/\/api.w.org\/{rel}","templated":true}]}}