{"id":763,"date":"2024-10-31T09:11:25","date_gmt":"2024-10-31T08:11:25","guid":{"rendered":"https:\/\/merca.presspulp.com\/?page_id=763"},"modified":"2025-07-08T14:16:29","modified_gmt":"2025-07-08T12:16:29","slug":"politica-de-privacidad","status":"publish","type":"page","link":"https:\/\/merca.team\/es\/politique-de-confidentialite\/","title":{"rendered":"Pol\u00edtica de privacidad"},"content":{"rendered":"<p>El RGPD es el Reglamento General de Protecci\u00f3n de Datos de la Uni\u00f3n Europea. Puede obtener m\u00e1s informaci\u00f3n sobre\u00a0<a href=\"https:\/\/www.economie.gouv.fr\/entreprises\/reglement-general-protection-donnees-rgpd\">este enlace<\/a>\u00a0del gobierno franc\u00e9s.<\/p>\n\n\n\n<p>En Mercateam, nos esforzamos constantemente por cumplir este reglamento. Estas son nuestras principales medidas del RGPD en 10 puntos:<\/p>\n\n\n\n<ol class=\"wp-block-list\">\n<li>Estamos certificados&nbsp;<a href=\"https:\/\/www.iso.org\/fr\/standard\/27001\">ISO27001<\/a>&nbsp;y todo nuestro personal est\u00e1 formado en la materia;<\/li>\n\n\n\n<li>Tenemos un marco contractual claro con nuestros socios que especifica las responsabilidades de cada parte con respecto a los datos compartidos entre ambas entidades;<\/li>\n\n\n\n<li>Llevamos un registro de tratamiento en el que se identifican y actualizan todas las operaciones de tratamiento efectuadas con los datos personales que se nos transmiten;<\/li>\n\n\n\n<li>Hemos nombrado a un Responsable de Protecci\u00f3n de Datos (RPD) que se encarga de garantizar el cumplimiento interno de nuestra pol\u00edtica de protecci\u00f3n de datos;<\/li>\n\n\n\n<li>Nuestra plataforma ofrece&nbsp;<a href=\"https:\/\/app.intercom.com\/a\/apps\/ptjev4an\/articles\/articles\/7857686\/show\">control de acceso basado en roles (RBAC)<\/a>&nbsp;;<\/li>\n\n\n\n<li>Es posible crear interconexiones entre nuestra plataforma y otros programas inform\u00e1ticos que usted utilice para facilitar y proteger la transferencia de datos;<\/li>\n\n\n\n<li>Todas las conexiones a nuestra plataforma est\u00e1n cifradas de extremo a extremo;<\/li>\n\n\n\n<li>Como parte de nuestra pol\u00edtica de prevenci\u00f3n de p\u00e9rdida de datos, se realizan copias de seguridad diarias de los datos de forma autom\u00e1tica, con un periodo de conservaci\u00f3n por defecto de 30 d\u00edas;<\/li>\n\n\n\n<li>Nuestra plataforma est\u00e1 alojada en&nbsp;<a href=\"https:\/\/cloud.google.com\/terms?hl=fr\">Plataforma Google Cloud<\/a>conocida en todo el mundo por sus m\u00faltiples niveles de seguridad;<\/li>\n\n\n\n<li>Tenemos un centro de datos principal y otro de reserva en B\u00e9lgica, con un sistema de almacenamiento multirregional para garantizar la redundancia de los datos.<\/li>\n<\/ol>\n\n\n\n<p><em>NB: En el marco de los servicios ofrecidos a sus clientes, Mercateam act\u00faa como subcontratista de estos \u00faltimos. Por lo tanto, tambi\u00e9n es responsabilidad de estos \u00faltimos garantizar que sus operaciones cumplan con el RGPD, en particular en lo que respecta a la recogida de datos personales que luego se transmiten a Mercateam.<\/em><\/p>","protected":false},"excerpt":{"rendered":"<p>Le RGPD est le R\u00e8glement G\u00e9n\u00e9ral sur la Protection des Donn\u00e9es de l\u2019Union Europ\u00e9enne. Vous pouvez en savoir plus sur\u00a0ce lien\u00a0du gouvernement fran\u00e7ais. Chez Mercateam, nous sommes en d\u00e9marche constante de mise en conformit\u00e9 avec ce r\u00e8glement. Voici nos mesures RGPD principales en 10 points : NB : Dans le cadre des services propos\u00e9s \u00e0 [&hellip;]<\/p>\n","protected":false},"author":1,"featured_media":0,"parent":0,"menu_order":0,"comment_status":"closed","ping_status":"closed","template":"","meta":{"_seopress_robots_primary_cat":"","_seopress_titles_title":"","_seopress_titles_desc":"","_seopress_robots_index":"","footnotes":""},"page-type":[],"class_list":["post-763","page","type-page","status-publish","hentry"],"_links":{"self":[{"href":"https:\/\/merca.team\/es\/wp-json\/wp\/v2\/pages\/763","targetHints":{"allow":["GET"]}}],"collection":[{"href":"https:\/\/merca.team\/es\/wp-json\/wp\/v2\/pages"}],"about":[{"href":"https:\/\/merca.team\/es\/wp-json\/wp\/v2\/types\/page"}],"author":[{"embeddable":true,"href":"https:\/\/merca.team\/es\/wp-json\/wp\/v2\/users\/1"}],"replies":[{"embeddable":true,"href":"https:\/\/merca.team\/es\/wp-json\/wp\/v2\/comments?post=763"}],"version-history":[{"count":0,"href":"https:\/\/merca.team\/es\/wp-json\/wp\/v2\/pages\/763\/revisions"}],"wp:attachment":[{"href":"https:\/\/merca.team\/es\/wp-json\/wp\/v2\/media?parent=763"}],"wp:term":[{"taxonomy":"page-type","embeddable":true,"href":"https:\/\/merca.team\/es\/wp-json\/wp\/v2\/page-type?post=763"}],"curies":[{"name":"wp","href":"https:\/\/api.w.org\/{rel}","templated":true}]}}