{"id":761,"date":"2024-10-31T09:09:22","date_gmt":"2024-10-31T08:09:22","guid":{"rendered":"https:\/\/merca.presspulp.com\/?page_id=761"},"modified":"2025-10-31T14:44:59","modified_gmt":"2025-10-31T13:44:59","slug":"informacion-legal","status":"publish","type":"page","link":"https:\/\/merca.team\/es\/mentions-legales\/","title":{"rendered":"Informaci\u00f3n jur\u00eddica"},"content":{"rendered":"<p><strong>Editor del sitio web :<\/strong><\/p>\n\n\n\n<p>Nombre de la empresa editora: MERCATEAM<br>Estatuto de la empresa: Sociedad por acciones simplificada<br>RCS: Bobigny n\u00b0883 002 487<br>N\u00famero de IVA intracomunitario: FR38883002487<br>Domicilio social: 7 Place de l'Hotel de Ville, 93600 Aulnay-sous-Bois, Francia<br>Direcci\u00f3n de correo electr\u00f3nico: support@merca.team<br><br>Director de la publicaci\u00f3n: Adrien Laurentin, Presidente<\/p>\n\n\n\n<p><strong>Alojamiento web :<\/strong><\/p>\n\n\n\n<p>El anfitri\u00f3n es Hetzner Online GmbH, con domicilio social en 91710 Gunzenhausen, Alemania.<\/p>\n\n\n\n<p><strong>Propiedad intelectual<\/strong><\/p>\n\n\n\n<p>Cualquier uso, reproducci\u00f3n, distribuci\u00f3n, comercializaci\u00f3n o modificaci\u00f3n de todo o parte del sitio web merca.team sin la autorizaci\u00f3n del Editor est\u00e1 prohibido y puede dar lugar a acciones legales seg\u00fan lo dispuesto en el C\u00f3digo franc\u00e9s de la Propiedad Intelectual y el C\u00f3digo Civil franc\u00e9s.<\/p>\n\n\n\n<p>El sitio ha sido desarrollado por la agencia web&nbsp;<a href=\"http:\/\/heave.studio\/\" target=\"_blank\" rel=\"noreferrer noopener\"><strong>Heave<\/strong><\/a><br><\/p>","protected":false},"excerpt":{"rendered":"<p>\u00c9diteur du site Internet : D\u00e9nomination sociale de l\u2019\u00e9diteur : MERCATEAMStatut de la soci\u00e9t\u00e9 : Soci\u00e9t\u00e9 par actions simplifi\u00e9eRCS : Bobigny n\u00b0883 002 487N\u00b0 TVA intracommunautaire : FR38883002487Si\u00e8ge social : 7 Place de l\u2019Hotel de Ville, 93600 Aulnay-sous-BoisAdresse \u00e9lectronique : support@merca.team Directeur de la publication : Adrien Laurentin, Pr\u00e9sident H\u00e9bergeur du site Internet : L\u2019h\u00e9bergeur [&hellip;]<\/p>\n","protected":false},"author":1,"featured_media":0,"parent":0,"menu_order":0,"comment_status":"closed","ping_status":"closed","template":"","meta":{"_seopress_robots_primary_cat":"","_seopress_titles_title":"","_seopress_titles_desc":"","_seopress_robots_index":"","footnotes":""},"page-type":[],"class_list":["post-761","page","type-page","status-publish","hentry"],"_links":{"self":[{"href":"https:\/\/merca.team\/es\/wp-json\/wp\/v2\/pages\/761","targetHints":{"allow":["GET"]}}],"collection":[{"href":"https:\/\/merca.team\/es\/wp-json\/wp\/v2\/pages"}],"about":[{"href":"https:\/\/merca.team\/es\/wp-json\/wp\/v2\/types\/page"}],"author":[{"embeddable":true,"href":"https:\/\/merca.team\/es\/wp-json\/wp\/v2\/users\/1"}],"replies":[{"embeddable":true,"href":"https:\/\/merca.team\/es\/wp-json\/wp\/v2\/comments?post=761"}],"version-history":[{"count":1,"href":"https:\/\/merca.team\/es\/wp-json\/wp\/v2\/pages\/761\/revisions"}],"predecessor-version":[{"id":9637,"href":"https:\/\/merca.team\/es\/wp-json\/wp\/v2\/pages\/761\/revisions\/9637"}],"wp:attachment":[{"href":"https:\/\/merca.team\/es\/wp-json\/wp\/v2\/media?parent=761"}],"wp:term":[{"taxonomy":"page-type","embeddable":true,"href":"https:\/\/merca.team\/es\/wp-json\/wp\/v2\/page-type?post=761"}],"curies":[{"name":"wp","href":"https:\/\/api.w.org\/{rel}","templated":true}]}}