{"id":735,"date":"2024-10-28T16:15:50","date_gmt":"2024-10-28T15:15:50","guid":{"rendered":"https:\/\/merca.presspulp.com\/?page_id=735"},"modified":"2025-09-12T13:52:21","modified_gmt":"2025-09-12T11:52:21","slug":"auditoria","status":"publish","type":"page","link":"https:\/\/merca.team\/es\/audit\/","title":{"rendered":"Auditor\u00eda"},"content":{"rendered":"","protected":false},"excerpt":{"rendered":"","protected":false},"author":1,"featured_media":6419,"parent":0,"menu_order":0,"comment_status":"closed","ping_status":"closed","template":"","meta":{"_seopress_robots_primary_cat":"","_seopress_titles_title":"R\u00e9ussissez vos audits industriels sans effort - Mercateam","_seopress_titles_desc":"Avec Mercateam, assurez-vous d\u2019\u00eatre toujours en conformit\u00e9 et acc\u00e9dez aux donn\u00e9es n\u00e9cessaires \u00e0 vos audits en un clin d\u2019oeil ...","_seopress_robots_index":"","footnotes":""},"page-type":[30],"class_list":["post-735","page","type-page","status-publish","has-post-thumbnail","hentry"],"_links":{"self":[{"href":"https:\/\/merca.team\/es\/wp-json\/wp\/v2\/pages\/735","targetHints":{"allow":["GET"]}}],"collection":[{"href":"https:\/\/merca.team\/es\/wp-json\/wp\/v2\/pages"}],"about":[{"href":"https:\/\/merca.team\/es\/wp-json\/wp\/v2\/types\/page"}],"author":[{"embeddable":true,"href":"https:\/\/merca.team\/es\/wp-json\/wp\/v2\/users\/1"}],"replies":[{"embeddable":true,"href":"https:\/\/merca.team\/es\/wp-json\/wp\/v2\/comments?post=735"}],"version-history":[{"count":2,"href":"https:\/\/merca.team\/es\/wp-json\/wp\/v2\/pages\/735\/revisions"}],"predecessor-version":[{"id":9555,"href":"https:\/\/merca.team\/es\/wp-json\/wp\/v2\/pages\/735\/revisions\/9555"}],"wp:featuredmedia":[{"embeddable":true,"href":"https:\/\/merca.team\/es\/wp-json\/wp\/v2\/media\/6419"}],"wp:attachment":[{"href":"https:\/\/merca.team\/es\/wp-json\/wp\/v2\/media?parent=735"}],"wp:term":[{"taxonomy":"page-type","embeddable":true,"href":"https:\/\/merca.team\/es\/wp-json\/wp\/v2\/page-type?post=735"}],"curies":[{"name":"wp","href":"https:\/\/api.w.org\/{rel}","templated":true}]}}