{"id":6580,"date":"2024-11-28T14:31:13","date_gmt":"2024-11-28T13:31:13","guid":{"rendered":"https:\/\/merca.presspulp.com\/?page_id=6580"},"modified":"2025-09-12T13:52:35","modified_gmt":"2025-09-12T11:52:35","slug":"habilidades-criticas","status":"publish","type":"page","link":"https:\/\/merca.team\/es\/competences-critiques\/","title":{"rendered":"habilidades cr\u00edticas"},"content":{"rendered":"","protected":false},"excerpt":{"rendered":"","protected":false},"author":1,"featured_media":6902,"parent":0,"menu_order":0,"comment_status":"closed","ping_status":"closed","template":"","meta":{"_seopress_robots_primary_cat":"","_seopress_titles_title":" Cartographie dynamique et pilotage des comp\u00e9tences critiques","_seopress_titles_desc":"P\u00e9renniser vos comp\u00e9tences critiques. Identifiez, d\u00e9veloppez et s\u00e9curisez les comp\u00e9tences essentielles \u00e0 votre production. Assurez la ...","_seopress_robots_index":"","footnotes":""},"page-type":[30],"class_list":["post-6580","page","type-page","status-publish","has-post-thumbnail","hentry"],"_links":{"self":[{"href":"https:\/\/merca.team\/es\/wp-json\/wp\/v2\/pages\/6580","targetHints":{"allow":["GET"]}}],"collection":[{"href":"https:\/\/merca.team\/es\/wp-json\/wp\/v2\/pages"}],"about":[{"href":"https:\/\/merca.team\/es\/wp-json\/wp\/v2\/types\/page"}],"author":[{"embeddable":true,"href":"https:\/\/merca.team\/es\/wp-json\/wp\/v2\/users\/1"}],"replies":[{"embeddable":true,"href":"https:\/\/merca.team\/es\/wp-json\/wp\/v2\/comments?post=6580"}],"version-history":[{"count":2,"href":"https:\/\/merca.team\/es\/wp-json\/wp\/v2\/pages\/6580\/revisions"}],"predecessor-version":[{"id":9557,"href":"https:\/\/merca.team\/es\/wp-json\/wp\/v2\/pages\/6580\/revisions\/9557"}],"wp:featuredmedia":[{"embeddable":true,"href":"https:\/\/merca.team\/es\/wp-json\/wp\/v2\/media\/6902"}],"wp:attachment":[{"href":"https:\/\/merca.team\/es\/wp-json\/wp\/v2\/media?parent=6580"}],"wp:term":[{"taxonomy":"page-type","embeddable":true,"href":"https:\/\/merca.team\/es\/wp-json\/wp\/v2\/page-type?post=6580"}],"curies":[{"name":"wp","href":"https:\/\/api.w.org\/{rel}","templated":true}]}}