{"id":6063,"date":"2024-11-21T14:12:52","date_gmt":"2024-11-21T13:12:52","guid":{"rendered":"https:\/\/merca.presspulp.com\/?page_id=6063"},"modified":"2026-02-25T18:14:31","modified_gmt":"2026-02-25T17:14:31","slug":"automocion","status":"publish","type":"page","link":"https:\/\/merca.team\/es\/automobile\/","title":{"rendered":"Automoci\u00f3n"},"content":{"rendered":"","protected":false},"excerpt":{"rendered":"","protected":false},"author":1,"featured_media":6413,"parent":0,"menu_order":0,"comment_status":"closed","ping_status":"closed","template":"","meta":{"_seopress_robots_primary_cat":"","_seopress_titles_title":"Automobile | Gestion de comp\u00e9tences et de planning","_seopress_titles_desc":"G\u00e9rez, suivez et optimisez les comp\u00e9tences, habilitations et affectations de vos \u00e9quipes de production dans un logiciel centralis\u00e9 et simple d\u2019...\n","_seopress_robots_index":"","footnotes":""},"page-type":[21,32],"class_list":["post-6063","page","type-page","status-publish","has-post-thumbnail","hentry"],"_links":{"self":[{"href":"https:\/\/merca.team\/es\/wp-json\/wp\/v2\/pages\/6063","targetHints":{"allow":["GET"]}}],"collection":[{"href":"https:\/\/merca.team\/es\/wp-json\/wp\/v2\/pages"}],"about":[{"href":"https:\/\/merca.team\/es\/wp-json\/wp\/v2\/types\/page"}],"author":[{"embeddable":true,"href":"https:\/\/merca.team\/es\/wp-json\/wp\/v2\/users\/1"}],"replies":[{"embeddable":true,"href":"https:\/\/merca.team\/es\/wp-json\/wp\/v2\/comments?post=6063"}],"version-history":[{"count":4,"href":"https:\/\/merca.team\/es\/wp-json\/wp\/v2\/pages\/6063\/revisions"}],"predecessor-version":[{"id":9811,"href":"https:\/\/merca.team\/es\/wp-json\/wp\/v2\/pages\/6063\/revisions\/9811"}],"wp:featuredmedia":[{"embeddable":true,"href":"https:\/\/merca.team\/es\/wp-json\/wp\/v2\/media\/6413"}],"wp:attachment":[{"href":"https:\/\/merca.team\/es\/wp-json\/wp\/v2\/media?parent=6063"}],"wp:term":[{"taxonomy":"page-type","embeddable":true,"href":"https:\/\/merca.team\/es\/wp-json\/wp\/v2\/page-type?post=6063"}],"curies":[{"name":"wp","href":"https:\/\/api.w.org\/{rel}","templated":true}]}}