{"id":6060,"date":"2024-11-21T14:11:33","date_gmt":"2024-11-21T13:11:33","guid":{"rendered":"https:\/\/merca.presspulp.com\/?page_id=6060"},"modified":"2026-02-25T18:14:44","modified_gmt":"2026-02-25T17:14:44","slug":"farmaceutica","status":"publish","type":"page","link":"https:\/\/merca.team\/es\/pharmaceutique\/","title":{"rendered":"Farmacia y cosm\u00e9tica"},"content":{"rendered":"","protected":false},"excerpt":{"rendered":"","protected":false},"author":1,"featured_media":6407,"parent":0,"menu_order":0,"comment_status":"closed","ping_status":"closed","template":"","meta":{"_seopress_robots_primary_cat":"","_seopress_titles_title":"Logiciel gestion des Comp\u00e9tences Pharmaceutique - Cosm\u00e9tique","_seopress_titles_desc":"G\u00e9rez les comp\u00e9tences et habilitations de vos \u00e9quipes en cosm\u00e9tique et pharmaceutique avec Mercateam. R\u00e9pondez aux exigences qualit\u00e9 et audits simplement.","_seopress_robots_index":"","footnotes":""},"page-type":[21,32],"class_list":["post-6060","page","type-page","status-publish","has-post-thumbnail","hentry"],"_links":{"self":[{"href":"https:\/\/merca.team\/es\/wp-json\/wp\/v2\/pages\/6060","targetHints":{"allow":["GET"]}}],"collection":[{"href":"https:\/\/merca.team\/es\/wp-json\/wp\/v2\/pages"}],"about":[{"href":"https:\/\/merca.team\/es\/wp-json\/wp\/v2\/types\/page"}],"author":[{"embeddable":true,"href":"https:\/\/merca.team\/es\/wp-json\/wp\/v2\/users\/1"}],"replies":[{"embeddable":true,"href":"https:\/\/merca.team\/es\/wp-json\/wp\/v2\/comments?post=6060"}],"version-history":[{"count":4,"href":"https:\/\/merca.team\/es\/wp-json\/wp\/v2\/pages\/6060\/revisions"}],"predecessor-version":[{"id":9812,"href":"https:\/\/merca.team\/es\/wp-json\/wp\/v2\/pages\/6060\/revisions\/9812"}],"wp:featuredmedia":[{"embeddable":true,"href":"https:\/\/merca.team\/es\/wp-json\/wp\/v2\/media\/6407"}],"wp:attachment":[{"href":"https:\/\/merca.team\/es\/wp-json\/wp\/v2\/media?parent=6060"}],"wp:term":[{"taxonomy":"page-type","embeddable":true,"href":"https:\/\/merca.team\/es\/wp-json\/wp\/v2\/page-type?post=6060"}],"curies":[{"name":"wp","href":"https:\/\/api.w.org\/{rel}","templated":true}]}}