{"id":5474,"date":"2024-11-11T14:27:24","date_gmt":"2024-11-11T13:27:24","guid":{"rendered":"https:\/\/merca.presspulp.com\/?page_id=5474"},"modified":"2025-09-12T13:48:47","modified_gmt":"2025-09-12T11:48:47","slug":"datos-de-campo","status":"publish","type":"page","link":"https:\/\/merca.team\/es\/donnees-terrain\/","title":{"rendered":"Datos de campo"},"content":{"rendered":"","protected":false},"excerpt":{"rendered":"","protected":false},"author":1,"featured_media":8934,"parent":0,"menu_order":0,"comment_status":"closed","ping_status":"closed","template":"","meta":{"_seopress_robots_primary_cat":"","_seopress_titles_title":"Donn\u00e9es terrain en usine : boost la productivit\u00e9 | Mercateam","_seopress_titles_desc":"Visualisez en temps r\u00e9el vos donn\u00e9es terrain pour optimiser planning, int\u00e9rimaires et comp\u00e9tences. D\u00e9cisions plus rapides, productivit\u00e9 renforc\u00e9e.","_seopress_robots_index":"","footnotes":""},"page-type":[20,19],"class_list":["post-5474","page","type-page","status-publish","has-post-thumbnail","hentry"],"_links":{"self":[{"href":"https:\/\/merca.team\/es\/wp-json\/wp\/v2\/pages\/5474","targetHints":{"allow":["GET"]}}],"collection":[{"href":"https:\/\/merca.team\/es\/wp-json\/wp\/v2\/pages"}],"about":[{"href":"https:\/\/merca.team\/es\/wp-json\/wp\/v2\/types\/page"}],"author":[{"embeddable":true,"href":"https:\/\/merca.team\/es\/wp-json\/wp\/v2\/users\/1"}],"replies":[{"embeddable":true,"href":"https:\/\/merca.team\/es\/wp-json\/wp\/v2\/comments?post=5474"}],"version-history":[{"count":5,"href":"https:\/\/merca.team\/es\/wp-json\/wp\/v2\/pages\/5474\/revisions"}],"predecessor-version":[{"id":9546,"href":"https:\/\/merca.team\/es\/wp-json\/wp\/v2\/pages\/5474\/revisions\/9546"}],"wp:featuredmedia":[{"embeddable":true,"href":"https:\/\/merca.team\/es\/wp-json\/wp\/v2\/media\/8934"}],"wp:attachment":[{"href":"https:\/\/merca.team\/es\/wp-json\/wp\/v2\/media?parent=5474"}],"wp:term":[{"taxonomy":"page-type","embeddable":true,"href":"https:\/\/merca.team\/es\/wp-json\/wp\/v2\/page-type?post=5474"}],"curies":[{"name":"wp","href":"https:\/\/api.w.org\/{rel}","templated":true}]}}