{"id":5187,"date":"2024-11-07T16:22:41","date_gmt":"2024-11-07T15:22:41","guid":{"rendered":"https:\/\/merca.presspulp.com\/?page_id=5187"},"modified":"2026-02-25T18:14:16","modified_gmt":"2026-02-25T17:14:16","slug":"aeronautica","status":"publish","type":"page","link":"https:\/\/merca.team\/es\/aeronautique\/","title":{"rendered":"Aeroespacial"},"content":{"rendered":"","protected":false},"excerpt":{"rendered":"","protected":false},"author":1,"featured_media":6413,"parent":0,"menu_order":0,"comment_status":"closed","ping_status":"closed","template":"","meta":{"_seopress_robots_primary_cat":"","_seopress_titles_title":"A\u00e9ronautique - Logiciel de Gestion des qualifications","_seopress_titles_desc":"Assurez la gestion des qualifications, habilitations et formations de vos \u00e9quipes a\u00e9ronautiques avec Mercateam. Gagnez en conformit\u00e9 et tra\u00e7abilit\u00e9.\n","_seopress_robots_index":"","footnotes":""},"page-type":[32],"class_list":["post-5187","page","type-page","status-publish","has-post-thumbnail","hentry"],"_links":{"self":[{"href":"https:\/\/merca.team\/es\/wp-json\/wp\/v2\/pages\/5187","targetHints":{"allow":["GET"]}}],"collection":[{"href":"https:\/\/merca.team\/es\/wp-json\/wp\/v2\/pages"}],"about":[{"href":"https:\/\/merca.team\/es\/wp-json\/wp\/v2\/types\/page"}],"author":[{"embeddable":true,"href":"https:\/\/merca.team\/es\/wp-json\/wp\/v2\/users\/1"}],"replies":[{"embeddable":true,"href":"https:\/\/merca.team\/es\/wp-json\/wp\/v2\/comments?post=5187"}],"version-history":[{"count":4,"href":"https:\/\/merca.team\/es\/wp-json\/wp\/v2\/pages\/5187\/revisions"}],"predecessor-version":[{"id":9810,"href":"https:\/\/merca.team\/es\/wp-json\/wp\/v2\/pages\/5187\/revisions\/9810"}],"wp:featuredmedia":[{"embeddable":true,"href":"https:\/\/merca.team\/es\/wp-json\/wp\/v2\/media\/6413"}],"wp:attachment":[{"href":"https:\/\/merca.team\/es\/wp-json\/wp\/v2\/media?parent=5187"}],"wp:term":[{"taxonomy":"page-type","embeddable":true,"href":"https:\/\/merca.team\/es\/wp-json\/wp\/v2\/page-type?post=5187"}],"curies":[{"name":"wp","href":"https:\/\/api.w.org\/{rel}","templated":true}]}}