{"id":5169,"date":"2024-11-07T15:57:23","date_gmt":"2024-11-07T14:57:23","guid":{"rendered":"https:\/\/merca.presspulp.com\/?page_id=5169"},"modified":"2025-09-12T13:49:03","modified_gmt":"2025-09-12T11:49:03","slug":"seguridad-de-los-datos","status":"publish","type":"page","link":"https:\/\/merca.team\/es\/securite-donnees\/","title":{"rendered":"Seguridad de los datos"},"content":{"rendered":"","protected":false},"excerpt":{"rendered":"","protected":false},"author":1,"featured_media":6405,"parent":0,"menu_order":0,"comment_status":"closed","ping_status":"closed","template":"","meta":{"_seopress_robots_primary_cat":"","_seopress_titles_title":"Securit\u00e9 des donn\u00e9es - Mercateam","_seopress_titles_desc":"Chez Mercateam, la protection de vos donn\u00e9es est notre priorit\u00e9 afin que vous puissiez utiliser notre plateforme en toute s\u00e9r\u00e9nit\u00e9 ...","_seopress_robots_index":"","footnotes":""},"page-type":[19],"class_list":["post-5169","page","type-page","status-publish","has-post-thumbnail","hentry"],"_links":{"self":[{"href":"https:\/\/merca.team\/es\/wp-json\/wp\/v2\/pages\/5169","targetHints":{"allow":["GET"]}}],"collection":[{"href":"https:\/\/merca.team\/es\/wp-json\/wp\/v2\/pages"}],"about":[{"href":"https:\/\/merca.team\/es\/wp-json\/wp\/v2\/types\/page"}],"author":[{"embeddable":true,"href":"https:\/\/merca.team\/es\/wp-json\/wp\/v2\/users\/1"}],"replies":[{"embeddable":true,"href":"https:\/\/merca.team\/es\/wp-json\/wp\/v2\/comments?post=5169"}],"version-history":[{"count":4,"href":"https:\/\/merca.team\/es\/wp-json\/wp\/v2\/pages\/5169\/revisions"}],"predecessor-version":[{"id":9549,"href":"https:\/\/merca.team\/es\/wp-json\/wp\/v2\/pages\/5169\/revisions\/9549"}],"wp:featuredmedia":[{"embeddable":true,"href":"https:\/\/merca.team\/es\/wp-json\/wp\/v2\/media\/6405"}],"wp:attachment":[{"href":"https:\/\/merca.team\/es\/wp-json\/wp\/v2\/media?parent=5169"}],"wp:term":[{"taxonomy":"page-type","embeddable":true,"href":"https:\/\/merca.team\/es\/wp-json\/wp\/v2\/page-type?post=5169"}],"curies":[{"name":"wp","href":"https:\/\/api.w.org\/{rel}","templated":true}]}}