{"id":767,"date":"2024-10-31T09:12:23","date_gmt":"2024-10-31T08:12:23","guid":{"rendered":"https:\/\/merca.presspulp.com\/?page_id=767"},"modified":"2024-12-18T13:56:02","modified_gmt":"2024-12-18T12:56:02","slug":"cookie-policy","status":"publish","type":"page","link":"https:\/\/merca.team\/en\/politique-de-cookies\/","title":{"rendered":"Cookie policy"},"content":{"rendered":"<p><strong>Information about our use of cookies.<\/strong><\/p>\n\n\n\n<p>This website&nbsp;<a href=\"https:\/\/merca.team\/en\/\">https:\/\/merca.team\/<\/a>&nbsp;uses cookies to help us provide our users with a good experience when browsing our website and also allows us to improve our site.<\/p>\n\n\n\n<h3 class=\"wp-block-heading\"><strong>What is a cookie?<\/strong><\/h3>\n\n\n\n<p>A cookie is a small file made up of letters and numbers that we store on a user's browser, or on their computer's hard disk if they agree. Cookies contain information that is transferred to the hard disk of the user's computer.<\/p>\n\n\n\n<h3 class=\"wp-block-heading\"><strong>Types of cookies and how we use them.<\/strong><\/h3>\n\n\n\n<p>We regularly analyze cookies on our website and keep our list of cookies up to date. We classify cookies into four categories:<\/p>\n\n\n\n<ul class=\"wp-block-list\">\n<li><strong>Necessary:<\/strong>\u00a0The latter are cookies that are necessary for the operation of our website. They include, for example, cookies that enable website visitors to log in to secure areas of our website, use a shopping cart or make use of electronic billing services.\n<ul class=\"wp-block-list\">\n<li><em>li_gc<\/em>\u00a0Expiration : 180 days Description : Used to store guest consent to the use of cookies for non-essential purposes<\/li>\n\n\n\n<li><em>AnalyticsSyncHistory<\/em>\u00a0Expiration : 30 days Description : Used to store information about the time a sync with the lms_analytics cookie took place for users in the Designated Countries<\/li>\n\n\n\n<li><em>SRM_B<\/em>\u00a0Expiration : 390 days Description : Collected user data is specifically adapted to the user or device. The usercan also be followed outside of the loaded website, creating a picture of the visitor's behavior.<\/li>\n\n\n\n<li><em>YSC<\/em>\u00a0Expiration : Session Description : Registers a unique ID to keep statistics of what videos from YouTube the user has seen.<\/li>\n\n\n\n<li><em>illow-consent<\/em>\u00a0Expiration : Session Description : This cookie is used to keep track of a given consent in the platform<\/li>\n<\/ul>\n<\/li>\n\n\n\n<li><strong>Marketing:<\/strong>\u00a0These cookies record users' visits to our website, the pages they visit and the links they follow. We will use this information to make our website and the advertising displayed on it more relevant to the interests of our website visitors.\n<ul class=\"wp-block-list\">\n<li><em>personalization_id<\/em>\u00a0Expiration : 400 jours Description : Unique value with which users can be identified by Twitter. Collected information is used to be personalize Twitter services, including Twitter trends, stories, ads and suggestions.<\/li>\n\n\n\n<li><em>muc_ads<\/em>\u00a0Expiration : 400 days Description : These cookies are placed when you come to our website via Twitter. A cookie from Twitter is also placed on our website, with which we can later show a relevant offer on Twitter<\/li>\n\n\n\n<li><em>lidc<\/em>\u00a0Expiration : 1 days Description : Used by the social networking service, LinkedIn, for tracking the use of embedded services.<\/li>\n\n\n\n<li><em>bcookie<\/em>\u00a0Expiration : 365 jours Description : Used by LinkedIn to track the use of embedded services.<\/li>\n\n\n\n<li>__<em>hstc<\/em>\u00a0Expiration: 180 days Description: To store time of visit.<\/li>\n\n\n\n<li><em>hubspotutk<\/em>\u00a0Expiration: 180 days Description: to store and track a visitor's identity.<\/li>\n\n\n\n<li>_<em>gcl_au<\/em>\u00a0Expiration : 90 jours Description : Used by Google AdSense for experimenting with advertisement efficiency across websites using their services.<\/li>\n\n\n\n<li><em>IDE<\/em>\u00a0Expiration : 390 days Description : This cookie is used for targeting, analyzing and optimisation of ad campaigns in DoubleClick\/Google Marketing Suite<\/li>\n\n\n\n<li><em>UserMatchHistory<\/em>\u00a0Expiration : 30 days Description : These cookies are set by LinkedIn for advertising purposes, including: tracking visitors so that more relevant ads can be presented, allowing users to use the 'Apply with LinkedIn' or the 'Sign-in with LinkedIn' functions, collecting information about how visitors use the site, etc.<\/li>\n\n\n\n<li><em>bscookie<\/em>\u00a0Expiration : 365 jours Description : Used by LinkedIn to track the use of embedded services.<\/li>\n\n\n\n<li><em>MR<\/em>\u00a0Expiration : 7 days Description : Used to collect information for analytics purposes.<\/li>\n\n\n\n<li><em>VISITOR_INFO1_LIVE<\/em>\u00a0Expiration: 180 days Description: Tries to estimate the users' bandwidth on pages with integrated YouTube videos.<\/li>\n<\/ul>\n<\/li>\n\n\n\n<li><strong>Statistics:<\/strong>\u00a0They enable us to recognize and count the number of visitors and to see how visitors move around our website as they use it. This helps us to improve the operation of our website, for example, by ensuring that users can easily find what they are looking for.\n<ul class=\"wp-block-list\">\n<li><em>CLID<\/em>\u00a0Expiration : 365 days Description : The cookie is set by embedded Microsoft Clarity scripts. The purpose of this cookie is for heatmap and session recording.<\/li>\n\n\n\n<li>_<em>clsk<\/em>\u00a0Expiration : 1 days Description : This cookie is installed by Microsoft Clarity to store information of how visitors use a website and help in creating an analytics report of how the website is doing. The data collected including the number visitors, the source where they have come from, and the pages visited in an anonymous form.<\/li>\n\n\n\n<li>__<em>hssrc<\/em>\u00a0Expiration : Session Description : to store a unique session ID.<\/li>\n\n\n\n<li>__<em>hssc<\/em>\u00a0Expiration : 1 heures Description : to store anonymized statistics.<\/li>\n\n\n\n<li>_<em>ga<\/em>\u00a0Expiration: 400 days Description: ID used to identify users<\/li>\n\n\n\n<li><strong>ga<\/strong>\u00a0Expiration: 400 days Description: ID used to identify users<\/li>\n\n\n\n<li><em>SM<\/em>\u00a0Expiration : Session Description : This is a Microsoft cookie which we use to measure the use of the website for internal analytics<\/li>\n\n\n\n<li>_<em>clck<\/em>\u00a0Expiration : 365 days Description : This cookie is installed by Microsoft Clarity to store information of how visitors use a website and help in creating an analytics report of how the website is doing. The data collected including the number visitors, the source where they have come from, and the pages visited in an anonymous form.<\/li>\n<\/ul>\n<\/li>\n\n\n\n<li><strong>Preferences:<\/strong>\u00a0They are used to recognize users when they return to our website. This enables us to personalize content for them and to retain their preferences (for example, their choice of language or region).\n<ul class=\"wp-block-list\">\n<li><em>li_sugr<\/em>\u00a0Expiration: 90 days Description: Used to make a probabilistic match of a user's identity outside the Designated Countries<\/li>\n<\/ul>\n<\/li>\n<\/ul>\n\n\n\n<p>Depending on the user's location, he or she will be able to opt out of each category of cookies (with the exception of necessary cookies) by clicking on \"Set personalized authorization\" in our website's cookie banner.<\/p>","protected":false},"excerpt":{"rendered":"<p>Informations sur notre utilisation des cookies. Ce site Web&nbsp;https:\/\/merca.team\/&nbsp;utilise des cookies pour nous aider \u00e0 offrir \u00e0 nos utilisateurs une bonne exp\u00e9rience lorsqu&rsquo;ils naviguent sur notre site web et nous permet \u00e9galement d&rsquo;am\u00e9liorer notre site. Qu&rsquo;est-ce qu&rsquo;un cookie ? Un cookie est un petit fichier compos\u00e9 de lettres et de chiffres que nous stockons sur [&hellip;]<\/p>\n","protected":false},"author":1,"featured_media":0,"parent":0,"menu_order":0,"comment_status":"closed","ping_status":"closed","template":"","meta":{"_seopress_robots_primary_cat":"","_seopress_titles_title":"","_seopress_titles_desc":"","_seopress_robots_index":"","footnotes":""},"page-type":[],"class_list":["post-767","page","type-page","status-publish","hentry"],"_links":{"self":[{"href":"https:\/\/merca.team\/en\/wp-json\/wp\/v2\/pages\/767","targetHints":{"allow":["GET"]}}],"collection":[{"href":"https:\/\/merca.team\/en\/wp-json\/wp\/v2\/pages"}],"about":[{"href":"https:\/\/merca.team\/en\/wp-json\/wp\/v2\/types\/page"}],"author":[{"embeddable":true,"href":"https:\/\/merca.team\/en\/wp-json\/wp\/v2\/users\/1"}],"replies":[{"embeddable":true,"href":"https:\/\/merca.team\/en\/wp-json\/wp\/v2\/comments?post=767"}],"version-history":[{"count":0,"href":"https:\/\/merca.team\/en\/wp-json\/wp\/v2\/pages\/767\/revisions"}],"wp:attachment":[{"href":"https:\/\/merca.team\/en\/wp-json\/wp\/v2\/media?parent=767"}],"wp:term":[{"taxonomy":"page-type","embeddable":true,"href":"https:\/\/merca.team\/en\/wp-json\/wp\/v2\/page-type?post=767"}],"curies":[{"name":"wp","href":"https:\/\/api.w.org\/{rel}","templated":true}]}}