{"id":7665,"date":"2024-12-13T09:17:24","date_gmt":"2024-12-13T08:17:24","guid":{"rendered":"https:\/\/merca.team\/?page_id=7665"},"modified":"2025-09-12T13:49:32","modified_gmt":"2025-09-12T11:49:32","slug":"construction-btp","status":"publish","type":"page","link":"https:\/\/merca.team\/en\/construction-btp\/","title":{"rendered":"Construction"},"content":{"rendered":"","protected":false},"excerpt":{"rendered":"","protected":false},"author":1,"featured_media":7598,"parent":0,"menu_order":0,"comment_status":"closed","ping_status":"closed","template":"","meta":{"_seopress_robots_primary_cat":"","_seopress_titles_title":"Logiciel de gestion de comp\u00e9tences et planning pour le BTP","_seopress_titles_desc":"Automatisez votre planning d&#039;affectation et la polyvalence de vos \u00e9quipes pour gagner en productivit\u00e9 et adaptez-vous aux variations saisonni\u00e8res.","_seopress_robots_index":"","footnotes":""},"page-type":[32],"class_list":["post-7665","page","type-page","status-publish","has-post-thumbnail","hentry"],"_links":{"self":[{"href":"https:\/\/merca.team\/en\/wp-json\/wp\/v2\/pages\/7665","targetHints":{"allow":["GET"]}}],"collection":[{"href":"https:\/\/merca.team\/en\/wp-json\/wp\/v2\/pages"}],"about":[{"href":"https:\/\/merca.team\/en\/wp-json\/wp\/v2\/types\/page"}],"author":[{"embeddable":true,"href":"https:\/\/merca.team\/en\/wp-json\/wp\/v2\/users\/1"}],"replies":[{"embeddable":true,"href":"https:\/\/merca.team\/en\/wp-json\/wp\/v2\/comments?post=7665"}],"version-history":[{"count":3,"href":"https:\/\/merca.team\/en\/wp-json\/wp\/v2\/pages\/7665\/revisions"}],"predecessor-version":[{"id":9553,"href":"https:\/\/merca.team\/en\/wp-json\/wp\/v2\/pages\/7665\/revisions\/9553"}],"wp:featuredmedia":[{"embeddable":true,"href":"https:\/\/merca.team\/en\/wp-json\/wp\/v2\/media\/7598"}],"wp:attachment":[{"href":"https:\/\/merca.team\/en\/wp-json\/wp\/v2\/media?parent=7665"}],"wp:term":[{"taxonomy":"page-type","embeddable":true,"href":"https:\/\/merca.team\/en\/wp-json\/wp\/v2\/page-type?post=7665"}],"curies":[{"name":"wp","href":"https:\/\/api.w.org\/{rel}","templated":true}]}}