{"id":763,"date":"2024-10-31T09:11:25","date_gmt":"2024-10-31T08:11:25","guid":{"rendered":"https:\/\/merca.presspulp.com\/?page_id=763"},"modified":"2025-07-08T14:16:29","modified_gmt":"2025-07-08T12:16:29","slug":"privacy-policy","status":"publish","type":"page","link":"https:\/\/merca.team\/en\/politique-de-confidentialite\/","title":{"rendered":"Privacy policy"},"content":{"rendered":"<p>RGPD is the European Union's General Data Protection Regulation. Find out more about\u00a0<a href=\"https:\/\/www.economie.gouv.fr\/entreprises\/reglement-general-protection-donnees-rgpd\">this link<\/a>\u00a0of the French government.<\/p>\n\n\n\n<p>At Mercateam, we're on a constant journey to comply with this regulation. Here are our main RGPD measures in 10 points:<\/p>\n\n\n\n<ol class=\"wp-block-list\">\n<li>We are certified&nbsp;<a href=\"https:\/\/www.iso.org\/fr\/standard\/27001\">ISO27001<\/a>&nbsp;and all our employees are trained in the subject;<\/li>\n\n\n\n<li>We have a clear contractual framework with our partners that specifies the responsibilities of each party with regard to the data shared between the two entities;<\/li>\n\n\n\n<li>We keep a processing register, identifying and updating all processing operations carried out on personal data transmitted to us;<\/li>\n\n\n\n<li>We have appointed a Data Protection Officer (DPO) who is responsible for ensuring internal compliance with our data protection policy;<\/li>\n\n\n\n<li>Our platform offers&nbsp;<a href=\"https:\/\/app.intercom.com\/a\/apps\/ptjev4an\/articles\/articles\/7857686\/show\">role-based access control (RBAC)<\/a>&nbsp;;<\/li>\n\n\n\n<li>It is possible to make interconnections between our platform and other software that you use to facilitate and protect the transfer of data;<\/li>\n\n\n\n<li>All connections to our platform are end-to-end encrypted;<\/li>\n\n\n\n<li>Data is automatically backed up daily as part of our data loss prevention policy, with a default retention period of 30 days;<\/li>\n\n\n\n<li>Our platform is hosted by&nbsp;<a href=\"https:\/\/cloud.google.com\/terms?hl=fr\">Google Cloud Platform<\/a>known worldwide for its multiple layers of security;<\/li>\n\n\n\n<li>We have a main datacenter and a back-up datacenter located in Belgium, with a multi-regional storage system to ensure data redundancy.<\/li>\n<\/ol>\n\n\n\n<p><em>NB: Within the framework of the services offered to its customers, Mercateam acts as a subcontractor of the latter. It is therefore also the responsibility of the latter to ensure that their operations comply with the RGPD, particularly with regard to operations for the collection of personal data that is then transmitted to Mercateam.<\/em><\/p>","protected":false},"excerpt":{"rendered":"<p>Le RGPD est le R\u00e8glement G\u00e9n\u00e9ral sur la Protection des Donn\u00e9es de l\u2019Union Europ\u00e9enne. Vous pouvez en savoir plus sur\u00a0ce lien\u00a0du gouvernement fran\u00e7ais. Chez Mercateam, nous sommes en d\u00e9marche constante de mise en conformit\u00e9 avec ce r\u00e8glement. Voici nos mesures RGPD principales en 10 points : NB : Dans le cadre des services propos\u00e9s \u00e0 [&hellip;]<\/p>\n","protected":false},"author":1,"featured_media":0,"parent":0,"menu_order":0,"comment_status":"closed","ping_status":"closed","template":"","meta":{"_seopress_robots_primary_cat":"","_seopress_titles_title":"","_seopress_titles_desc":"","_seopress_robots_index":"","footnotes":""},"page-type":[],"class_list":["post-763","page","type-page","status-publish","hentry"],"_links":{"self":[{"href":"https:\/\/merca.team\/en\/wp-json\/wp\/v2\/pages\/763","targetHints":{"allow":["GET"]}}],"collection":[{"href":"https:\/\/merca.team\/en\/wp-json\/wp\/v2\/pages"}],"about":[{"href":"https:\/\/merca.team\/en\/wp-json\/wp\/v2\/types\/page"}],"author":[{"embeddable":true,"href":"https:\/\/merca.team\/en\/wp-json\/wp\/v2\/users\/1"}],"replies":[{"embeddable":true,"href":"https:\/\/merca.team\/en\/wp-json\/wp\/v2\/comments?post=763"}],"version-history":[{"count":0,"href":"https:\/\/merca.team\/en\/wp-json\/wp\/v2\/pages\/763\/revisions"}],"wp:attachment":[{"href":"https:\/\/merca.team\/en\/wp-json\/wp\/v2\/media?parent=763"}],"wp:term":[{"taxonomy":"page-type","embeddable":true,"href":"https:\/\/merca.team\/en\/wp-json\/wp\/v2\/page-type?post=763"}],"curies":[{"name":"wp","href":"https:\/\/api.w.org\/{rel}","templated":true}]}}