{"id":728,"date":"2024-10-28T16:03:58","date_gmt":"2024-10-28T15:03:58","guid":{"rendered":"https:\/\/merca.presspulp.com\/?page_id=728"},"modified":"2026-02-25T18:15:26","modified_gmt":"2026-02-25T17:15:26","slug":"qhse","status":"publish","type":"page","link":"https:\/\/merca.team\/en\/qhse\/","title":{"rendered":"QHSE"},"content":{"rendered":"","protected":false},"excerpt":{"rendered":"","protected":false},"author":1,"featured_media":7676,"parent":0,"menu_order":0,"comment_status":"closed","ping_status":"closed","template":"","meta":{"_seopress_robots_primary_cat":"","_seopress_titles_title":"Le logiciel pour les \u00e9quipes QHSE gestion des comp\u00e9tences terrain","_seopress_titles_desc":"Une plateforme centralis\u00e9e pour tracer les comp\u00e9tences et habilitations des op\u00e9rateurs, s\u00e9curiser les affectations aux postes et optimiser ses ...\n","_seopress_robots_index":"","footnotes":""},"page-type":[33],"class_list":["post-728","page","type-page","status-publish","has-post-thumbnail","hentry"],"_links":{"self":[{"href":"https:\/\/merca.team\/en\/wp-json\/wp\/v2\/pages\/728","targetHints":{"allow":["GET"]}}],"collection":[{"href":"https:\/\/merca.team\/en\/wp-json\/wp\/v2\/pages"}],"about":[{"href":"https:\/\/merca.team\/en\/wp-json\/wp\/v2\/types\/page"}],"author":[{"embeddable":true,"href":"https:\/\/merca.team\/en\/wp-json\/wp\/v2\/users\/1"}],"replies":[{"embeddable":true,"href":"https:\/\/merca.team\/en\/wp-json\/wp\/v2\/comments?post=728"}],"version-history":[{"count":3,"href":"https:\/\/merca.team\/en\/wp-json\/wp\/v2\/pages\/728\/revisions"}],"predecessor-version":[{"id":9815,"href":"https:\/\/merca.team\/en\/wp-json\/wp\/v2\/pages\/728\/revisions\/9815"}],"wp:featuredmedia":[{"embeddable":true,"href":"https:\/\/merca.team\/en\/wp-json\/wp\/v2\/media\/7676"}],"wp:attachment":[{"href":"https:\/\/merca.team\/en\/wp-json\/wp\/v2\/media?parent=728"}],"wp:term":[{"taxonomy":"page-type","embeddable":true,"href":"https:\/\/merca.team\/en\/wp-json\/wp\/v2\/page-type?post=728"}],"curies":[{"name":"wp","href":"https:\/\/api.w.org\/{rel}","templated":true}]}}