{"id":6585,"date":"2024-11-28T14:32:04","date_gmt":"2024-11-28T13:32:04","guid":{"rendered":"https:\/\/merca.presspulp.com\/?page_id=6585"},"modified":"2025-09-12T13:53:13","modified_gmt":"2025-09-12T11:53:13","slug":"penibility","status":"publish","type":"page","link":"https:\/\/merca.team\/en\/penibilite\/","title":{"rendered":"Job strain"},"content":{"rendered":"","protected":false},"excerpt":{"rendered":"","protected":false},"author":1,"featured_media":6915,"parent":0,"menu_order":0,"comment_status":"closed","ping_status":"closed","template":"","meta":{"_seopress_robots_primary_cat":"","_seopress_titles_title":"P\u00e9nibilit\u00e9 des affectations au poste - Plateforme des indus","_seopress_titles_desc":"G\u00e9rez l&#039;\u00e9quit\u00e9 et la p\u00e9nibilit\u00e9 des affectations au poste. B\u00e9n\u00e9ficiez d&#039;un planning intelligent qui prend en compte les contraintes individuelles ...\n","_seopress_robots_index":"","footnotes":""},"page-type":[30],"class_list":["post-6585","page","type-page","status-publish","has-post-thumbnail","hentry"],"_links":{"self":[{"href":"https:\/\/merca.team\/en\/wp-json\/wp\/v2\/pages\/6585","targetHints":{"allow":["GET"]}}],"collection":[{"href":"https:\/\/merca.team\/en\/wp-json\/wp\/v2\/pages"}],"about":[{"href":"https:\/\/merca.team\/en\/wp-json\/wp\/v2\/types\/page"}],"author":[{"embeddable":true,"href":"https:\/\/merca.team\/en\/wp-json\/wp\/v2\/users\/1"}],"replies":[{"embeddable":true,"href":"https:\/\/merca.team\/en\/wp-json\/wp\/v2\/comments?post=6585"}],"version-history":[{"count":2,"href":"https:\/\/merca.team\/en\/wp-json\/wp\/v2\/pages\/6585\/revisions"}],"predecessor-version":[{"id":9558,"href":"https:\/\/merca.team\/en\/wp-json\/wp\/v2\/pages\/6585\/revisions\/9558"}],"wp:featuredmedia":[{"embeddable":true,"href":"https:\/\/merca.team\/en\/wp-json\/wp\/v2\/media\/6915"}],"wp:attachment":[{"href":"https:\/\/merca.team\/en\/wp-json\/wp\/v2\/media?parent=6585"}],"wp:term":[{"taxonomy":"page-type","embeddable":true,"href":"https:\/\/merca.team\/en\/wp-json\/wp\/v2\/page-type?post=6585"}],"curies":[{"name":"wp","href":"https:\/\/api.w.org\/{rel}","templated":true}]}}