{"id":645,"date":"2024-10-28T09:10:55","date_gmt":"2024-10-28T08:10:55","guid":{"rendered":"https:\/\/merca.presspulp.com\/?page_id=645"},"modified":"2026-02-25T18:13:49","modified_gmt":"2026-02-25T17:13:49","slug":"deployment-support","status":"publish","type":"page","link":"https:\/\/merca.team\/en\/accompagnement-deploiement\/","title":{"rendered":"Support"},"content":{"rendered":"","protected":false},"excerpt":{"rendered":"","protected":false},"author":1,"featured_media":6202,"parent":0,"menu_order":0,"comment_status":"closed","ping_status":"closed","template":"","meta":{"_seopress_robots_primary_cat":"","_seopress_titles_title":"D\u00e9ploiement du logiciel en usine : un accompagnement complet","_seopress_titles_desc":"D\u00e9ployez Mercateam sans stress sur vos sites. M\u00e9thode \u00e9prouv\u00e9e, formations incluses, accompagnement terrain pour une adoption rapide et durable.","_seopress_robots_index":"","footnotes":""},"page-type":[31],"class_list":["post-645","page","type-page","status-publish","has-post-thumbnail","hentry"],"_links":{"self":[{"href":"https:\/\/merca.team\/en\/wp-json\/wp\/v2\/pages\/645","targetHints":{"allow":["GET"]}}],"collection":[{"href":"https:\/\/merca.team\/en\/wp-json\/wp\/v2\/pages"}],"about":[{"href":"https:\/\/merca.team\/en\/wp-json\/wp\/v2\/types\/page"}],"author":[{"embeddable":true,"href":"https:\/\/merca.team\/en\/wp-json\/wp\/v2\/users\/1"}],"replies":[{"embeddable":true,"href":"https:\/\/merca.team\/en\/wp-json\/wp\/v2\/comments?post=645"}],"version-history":[{"count":6,"href":"https:\/\/merca.team\/en\/wp-json\/wp\/v2\/pages\/645\/revisions"}],"predecessor-version":[{"id":9808,"href":"https:\/\/merca.team\/en\/wp-json\/wp\/v2\/pages\/645\/revisions\/9808"}],"wp:featuredmedia":[{"embeddable":true,"href":"https:\/\/merca.team\/en\/wp-json\/wp\/v2\/media\/6202"}],"wp:attachment":[{"href":"https:\/\/merca.team\/en\/wp-json\/wp\/v2\/media?parent=645"}],"wp:term":[{"taxonomy":"page-type","embeddable":true,"href":"https:\/\/merca.team\/en\/wp-json\/wp\/v2\/page-type?post=645"}],"curies":[{"name":"wp","href":"https:\/\/api.w.org\/{rel}","templated":true}]}}