{"id":609,"date":"2024-10-18T13:34:40","date_gmt":"2024-10-18T11:34:40","guid":{"rendered":"https:\/\/merca.presspulp.com\/?page_id=609"},"modified":"2026-02-25T18:14:04","modified_gmt":"2026-02-25T17:14:04","slug":"agri-food","status":"publish","type":"page","link":"https:\/\/merca.team\/en\/agro-alimentaire\/","title":{"rendered":"food industry"},"content":{"rendered":"","protected":false},"excerpt":{"rendered":"","protected":false},"author":1,"featured_media":6407,"parent":0,"menu_order":0,"comment_status":"closed","ping_status":"closed","template":"","meta":{"_seopress_robots_primary_cat":"","_seopress_titles_title":"Agro-alimentaire - Logiciel de Gestion des Comp\u00e9tences ","_seopress_titles_desc":"G\u00e9rez les comp\u00e9tences, formations et habilitations de vos \u00e9quipes agroalimentaires avec Mercateam. Gagnez en tra\u00e7abilit\u00e9, r\u00e9activit\u00e9 et conformit\u00e9.","_seopress_robots_index":"","footnotes":""},"page-type":[32],"class_list":["post-609","page","type-page","status-publish","has-post-thumbnail","hentry"],"_links":{"self":[{"href":"https:\/\/merca.team\/en\/wp-json\/wp\/v2\/pages\/609","targetHints":{"allow":["GET"]}}],"collection":[{"href":"https:\/\/merca.team\/en\/wp-json\/wp\/v2\/pages"}],"about":[{"href":"https:\/\/merca.team\/en\/wp-json\/wp\/v2\/types\/page"}],"author":[{"embeddable":true,"href":"https:\/\/merca.team\/en\/wp-json\/wp\/v2\/users\/1"}],"replies":[{"embeddable":true,"href":"https:\/\/merca.team\/en\/wp-json\/wp\/v2\/comments?post=609"}],"version-history":[{"count":4,"href":"https:\/\/merca.team\/en\/wp-json\/wp\/v2\/pages\/609\/revisions"}],"predecessor-version":[{"id":9809,"href":"https:\/\/merca.team\/en\/wp-json\/wp\/v2\/pages\/609\/revisions\/9809"}],"wp:featuredmedia":[{"embeddable":true,"href":"https:\/\/merca.team\/en\/wp-json\/wp\/v2\/media\/6407"}],"wp:attachment":[{"href":"https:\/\/merca.team\/en\/wp-json\/wp\/v2\/media?parent=609"}],"wp:term":[{"taxonomy":"page-type","embeddable":true,"href":"https:\/\/merca.team\/en\/wp-json\/wp\/v2\/page-type?post=609"}],"curies":[{"name":"wp","href":"https:\/\/api.w.org\/{rel}","templated":true}]}}