{"id":5508,"date":"2024-11-11T15:12:41","date_gmt":"2024-11-11T14:12:41","guid":{"rendered":"https:\/\/merca.presspulp.com\/?page_id=5508"},"modified":"2025-09-10T17:10:23","modified_gmt":"2025-09-10T15:10:23","slug":"our-offers","status":"publish","type":"page","link":"https:\/\/merca.team\/en\/nos-offres\/","title":{"rendered":"our offers"},"content":{"rendered":"","protected":false},"excerpt":{"rendered":"","protected":false},"author":1,"featured_media":0,"parent":0,"menu_order":0,"comment_status":"closed","ping_status":"closed","template":"","meta":{"_seopress_robots_primary_cat":"","_seopress_titles_title":"Nos offres - Mercateam - La Plateforme pour les industriels","_seopress_titles_desc":"Pr\u00eat \u00e0 transformer la gestion de vos \u00e9quipes de production ? Construisons ensemble la plateforme qui correspond \u00e0 vos besoins ...\n","_seopress_robots_index":"","footnotes":""},"page-type":[34],"class_list":["post-5508","page","type-page","status-publish","hentry"],"_links":{"self":[{"href":"https:\/\/merca.team\/en\/wp-json\/wp\/v2\/pages\/5508","targetHints":{"allow":["GET"]}}],"collection":[{"href":"https:\/\/merca.team\/en\/wp-json\/wp\/v2\/pages"}],"about":[{"href":"https:\/\/merca.team\/en\/wp-json\/wp\/v2\/types\/page"}],"author":[{"embeddable":true,"href":"https:\/\/merca.team\/en\/wp-json\/wp\/v2\/users\/1"}],"replies":[{"embeddable":true,"href":"https:\/\/merca.team\/en\/wp-json\/wp\/v2\/comments?post=5508"}],"version-history":[{"count":1,"href":"https:\/\/merca.team\/en\/wp-json\/wp\/v2\/pages\/5508\/revisions"}],"predecessor-version":[{"id":9513,"href":"https:\/\/merca.team\/en\/wp-json\/wp\/v2\/pages\/5508\/revisions\/9513"}],"wp:attachment":[{"href":"https:\/\/merca.team\/en\/wp-json\/wp\/v2\/media?parent=5508"}],"wp:term":[{"taxonomy":"page-type","embeddable":true,"href":"https:\/\/merca.team\/en\/wp-json\/wp\/v2\/page-type?post=5508"}],"curies":[{"name":"wp","href":"https:\/\/api.w.org\/{rel}","templated":true}]}}