{"id":544,"date":"2024-10-16T17:48:37","date_gmt":"2024-10-16T15:48:37","guid":{"rendered":"https:\/\/merca.presspulp.com\/?page_id=544"},"modified":"2026-02-25T18:16:01","modified_gmt":"2026-02-25T17:16:01","slug":"platform","status":"publish","type":"page","link":"https:\/\/merca.team\/en\/plateforme\/","title":{"rendered":"Discover the platform"},"content":{"rendered":"","protected":false},"excerpt":{"rendered":"","protected":false},"author":1,"featured_media":8713,"parent":0,"menu_order":0,"comment_status":"closed","ping_status":"closed","template":"","meta":{"_seopress_robots_primary_cat":"","_seopress_titles_title":"Mercateam | Logiciel GPEC - Plateforme | Industrie","_seopress_titles_desc":"Logiciel GPEC pour l&#039;industrie : g\u00e9rez les comp\u00e9tences, les formations et les plannings d&#039;affectation de vos \u00e9quipes terrain avec Mercateam.\n","_seopress_robots_index":"","footnotes":""},"page-type":[19],"class_list":["post-544","page","type-page","status-publish","has-post-thumbnail","hentry"],"_links":{"self":[{"href":"https:\/\/merca.team\/en\/wp-json\/wp\/v2\/pages\/544","targetHints":{"allow":["GET"]}}],"collection":[{"href":"https:\/\/merca.team\/en\/wp-json\/wp\/v2\/pages"}],"about":[{"href":"https:\/\/merca.team\/en\/wp-json\/wp\/v2\/types\/page"}],"author":[{"embeddable":true,"href":"https:\/\/merca.team\/en\/wp-json\/wp\/v2\/users\/1"}],"replies":[{"embeddable":true,"href":"https:\/\/merca.team\/en\/wp-json\/wp\/v2\/comments?post=544"}],"version-history":[{"count":5,"href":"https:\/\/merca.team\/en\/wp-json\/wp\/v2\/pages\/544\/revisions"}],"predecessor-version":[{"id":9816,"href":"https:\/\/merca.team\/en\/wp-json\/wp\/v2\/pages\/544\/revisions\/9816"}],"wp:featuredmedia":[{"embeddable":true,"href":"https:\/\/merca.team\/en\/wp-json\/wp\/v2\/media\/8713"}],"wp:attachment":[{"href":"https:\/\/merca.team\/en\/wp-json\/wp\/v2\/media?parent=544"}],"wp:term":[{"taxonomy":"page-type","embeddable":true,"href":"https:\/\/merca.team\/en\/wp-json\/wp\/v2\/page-type?post=544"}],"curies":[{"name":"wp","href":"https:\/\/api.w.org\/{rel}","templated":true}]}}