{"id":13,"date":"2024-10-05T16:27:09","date_gmt":"2024-10-05T14:27:09","guid":{"rendered":"https:\/\/merca.presspulp.com\/?page_id=13"},"modified":"2026-02-25T18:12:01","modified_gmt":"2026-02-25T17:12:01","slug":"accueil","status":"publish","type":"page","link":"https:\/\/merca.team\/en\/","title":{"rendered":"Home"},"content":{"rendered":"<p><\/p>\n\n\n\n<p><\/p>\n\n\n\n<p><\/p>","protected":false},"excerpt":{"rendered":"","protected":false},"author":1,"featured_media":9517,"parent":0,"menu_order":0,"comment_status":"closed","ping_status":"closed","template":"","meta":{"_seopress_robots_primary_cat":"","_seopress_titles_title":"Mercateam | Logiciel Gestion des Comp\u00e9tences | Industrie","_seopress_titles_desc":"Mercateam est un Logiciel Gestion des Comp\u00e9tences destin\u00e9 aux industriels qui digitalise le suivi des op\u00e9rateurs, booste la polyvalence et ...","_seopress_robots_index":"","footnotes":""},"page-type":[],"class_list":["post-13","page","type-page","status-publish","has-post-thumbnail","hentry"],"_links":{"self":[{"href":"https:\/\/merca.team\/en\/wp-json\/wp\/v2\/pages\/13","targetHints":{"allow":["GET"]}}],"collection":[{"href":"https:\/\/merca.team\/en\/wp-json\/wp\/v2\/pages"}],"about":[{"href":"https:\/\/merca.team\/en\/wp-json\/wp\/v2\/types\/page"}],"author":[{"embeddable":true,"href":"https:\/\/merca.team\/en\/wp-json\/wp\/v2\/users\/1"}],"replies":[{"embeddable":true,"href":"https:\/\/merca.team\/en\/wp-json\/wp\/v2\/comments?post=13"}],"version-history":[{"count":9,"href":"https:\/\/merca.team\/en\/wp-json\/wp\/v2\/pages\/13\/revisions"}],"predecessor-version":[{"id":9805,"href":"https:\/\/merca.team\/en\/wp-json\/wp\/v2\/pages\/13\/revisions\/9805"}],"wp:featuredmedia":[{"embeddable":true,"href":"https:\/\/merca.team\/en\/wp-json\/wp\/v2\/media\/9517"}],"wp:attachment":[{"href":"https:\/\/merca.team\/en\/wp-json\/wp\/v2\/media?parent=13"}],"wp:term":[{"taxonomy":"page-type","embeddable":true,"href":"https:\/\/merca.team\/en\/wp-json\/wp\/v2\/page-type?post=13"}],"curies":[{"name":"wp","href":"https:\/\/api.w.org\/{rel}","templated":true}]}}