{"id":835,"date":"2024-10-31T18:26:55","date_gmt":"2024-10-31T17:26:55","guid":{"rendered":"https:\/\/merca.presspulp.com\/?page_id=835"},"modified":"2025-09-30T15:20:06","modified_gmt":"2025-09-30T13:20:06","slug":"ausbildung","status":"publish","type":"page","link":"https:\/\/merca.team\/de\/formation\/","title":{"rendered":"Ausbildung"},"content":{"rendered":"","protected":false},"excerpt":{"rendered":"","protected":false},"author":1,"featured_media":8723,"parent":0,"menu_order":0,"comment_status":"closed","ping_status":"closed","template":"","meta":{"_seopress_robots_primary_cat":"","_seopress_titles_title":"Logiciel Gestion des Formations pour l\u2019Industrie - Mercateam","_seopress_titles_desc":"Cr\u00e9ez, suivez et validez les formations de vos op\u00e9rateurs avec un logiciel de gestion centralis\u00e9e pens\u00e9 pour l\u2019industrie. Optimisez la mont\u00e9e en ...","_seopress_robots_index":"","footnotes":""},"page-type":[20,19],"class_list":["post-835","page","type-page","status-publish","has-post-thumbnail","hentry"],"_links":{"self":[{"href":"https:\/\/merca.team\/de\/wp-json\/wp\/v2\/pages\/835","targetHints":{"allow":["GET"]}}],"collection":[{"href":"https:\/\/merca.team\/de\/wp-json\/wp\/v2\/pages"}],"about":[{"href":"https:\/\/merca.team\/de\/wp-json\/wp\/v2\/types\/page"}],"author":[{"embeddable":true,"href":"https:\/\/merca.team\/de\/wp-json\/wp\/v2\/users\/1"}],"replies":[{"embeddable":true,"href":"https:\/\/merca.team\/de\/wp-json\/wp\/v2\/comments?post=835"}],"version-history":[{"count":5,"href":"https:\/\/merca.team\/de\/wp-json\/wp\/v2\/pages\/835\/revisions"}],"predecessor-version":[{"id":9627,"href":"https:\/\/merca.team\/de\/wp-json\/wp\/v2\/pages\/835\/revisions\/9627"}],"wp:featuredmedia":[{"embeddable":true,"href":"https:\/\/merca.team\/de\/wp-json\/wp\/v2\/media\/8723"}],"wp:attachment":[{"href":"https:\/\/merca.team\/de\/wp-json\/wp\/v2\/media?parent=835"}],"wp:term":[{"taxonomy":"page-type","embeddable":true,"href":"https:\/\/merca.team\/de\/wp-json\/wp\/v2\/page-type?post=835"}],"curies":[{"name":"wp","href":"https:\/\/api.w.org\/{rel}","templated":true}]}}