{"id":782,"date":"2024-10-31T09:33:41","date_gmt":"2024-10-31T08:33:41","guid":{"rendered":"https:\/\/merca.presspulp.com\/?page_id=782"},"modified":"2026-03-02T14:03:36","modified_gmt":"2026-03-02T13:03:36","slug":"kompetenzmatrix","status":"publish","type":"page","link":"https:\/\/merca.team\/de\/matrice-de-competences\/","title":{"rendered":"Kompetenzmatrix"},"content":{"rendered":"","protected":false},"excerpt":{"rendered":"","protected":false},"author":1,"featured_media":8715,"parent":0,"menu_order":0,"comment_status":"closed","ping_status":"closed","template":"","meta":{"_seopress_robots_primary_cat":"","_seopress_titles_title":"Logiciel de Matrice de Comp\u00e9tences - Industrie - Mercateam","_seopress_titles_desc":"Matrice de comp\u00e9tences dynamique. Centralisez les comp\u00e9tences et habilitations de vos \u00e9quipes de production et maintenez-les \u00e0 jour facilement ...\n","_seopress_robots_index":"","footnotes":""},"page-type":[20,19],"class_list":["post-782","page","type-page","status-publish","has-post-thumbnail","hentry"],"_links":{"self":[{"href":"https:\/\/merca.team\/de\/wp-json\/wp\/v2\/pages\/782","targetHints":{"allow":["GET"]}}],"collection":[{"href":"https:\/\/merca.team\/de\/wp-json\/wp\/v2\/pages"}],"about":[{"href":"https:\/\/merca.team\/de\/wp-json\/wp\/v2\/types\/page"}],"author":[{"embeddable":true,"href":"https:\/\/merca.team\/de\/wp-json\/wp\/v2\/users\/1"}],"replies":[{"embeddable":true,"href":"https:\/\/merca.team\/de\/wp-json\/wp\/v2\/comments?post=782"}],"version-history":[{"count":11,"href":"https:\/\/merca.team\/de\/wp-json\/wp\/v2\/pages\/782\/revisions"}],"predecessor-version":[{"id":9818,"href":"https:\/\/merca.team\/de\/wp-json\/wp\/v2\/pages\/782\/revisions\/9818"}],"wp:featuredmedia":[{"embeddable":true,"href":"https:\/\/merca.team\/de\/wp-json\/wp\/v2\/media\/8715"}],"wp:attachment":[{"href":"https:\/\/merca.team\/de\/wp-json\/wp\/v2\/media?parent=782"}],"wp:term":[{"taxonomy":"page-type","embeddable":true,"href":"https:\/\/merca.team\/de\/wp-json\/wp\/v2\/page-type?post=782"}],"curies":[{"name":"wp","href":"https:\/\/api.w.org\/{rel}","templated":true}]}}