{"id":775,"date":"2024-10-31T09:27:50","date_gmt":"2024-10-31T08:27:50","guid":{"rendered":"https:\/\/merca.presspulp.com\/?page_id=775"},"modified":"2025-09-12T13:48:10","modified_gmt":"2025-09-12T11:48:10","slug":"einsatzplanung","status":"publish","type":"page","link":"https:\/\/merca.team\/de\/planning-d-affectation\/","title":{"rendered":"Eine Planung f\u00fcr den Einsatz am Arbeitsplatz in wenigen Minuten"},"content":{"rendered":"","protected":false},"excerpt":{"rendered":"","protected":false},"author":1,"featured_media":8755,"parent":0,"menu_order":0,"comment_status":"closed","ping_status":"closed","template":"","meta":{"_seopress_robots_primary_cat":"","_seopress_titles_title":"Logiciel Planning du Personnel pour l\u2019Industrie - Mercateam","_seopress_titles_desc":"G\u00e9n\u00e9rez en quelques clics un planning du personnel fiable et bas\u00e9 sur les comp\u00e9tences, absences et habilitations avec le logiciel Mercateam.\n","_seopress_robots_index":"","footnotes":""},"page-type":[20,19],"class_list":["post-775","page","type-page","status-publish","has-post-thumbnail","hentry"],"_links":{"self":[{"href":"https:\/\/merca.team\/de\/wp-json\/wp\/v2\/pages\/775","targetHints":{"allow":["GET"]}}],"collection":[{"href":"https:\/\/merca.team\/de\/wp-json\/wp\/v2\/pages"}],"about":[{"href":"https:\/\/merca.team\/de\/wp-json\/wp\/v2\/types\/page"}],"author":[{"embeddable":true,"href":"https:\/\/merca.team\/de\/wp-json\/wp\/v2\/users\/1"}],"replies":[{"embeddable":true,"href":"https:\/\/merca.team\/de\/wp-json\/wp\/v2\/comments?post=775"}],"version-history":[{"count":5,"href":"https:\/\/merca.team\/de\/wp-json\/wp\/v2\/pages\/775\/revisions"}],"predecessor-version":[{"id":9543,"href":"https:\/\/merca.team\/de\/wp-json\/wp\/v2\/pages\/775\/revisions\/9543"}],"wp:featuredmedia":[{"embeddable":true,"href":"https:\/\/merca.team\/de\/wp-json\/wp\/v2\/media\/8755"}],"wp:attachment":[{"href":"https:\/\/merca.team\/de\/wp-json\/wp\/v2\/media?parent=775"}],"wp:term":[{"taxonomy":"page-type","embeddable":true,"href":"https:\/\/merca.team\/de\/wp-json\/wp\/v2\/page-type?post=775"}],"curies":[{"name":"wp","href":"https:\/\/api.w.org\/{rel}","templated":true}]}}