{"id":767,"date":"2024-10-31T09:12:23","date_gmt":"2024-10-31T08:12:23","guid":{"rendered":"https:\/\/merca.presspulp.com\/?page_id=767"},"modified":"2024-12-18T13:56:02","modified_gmt":"2024-12-18T12:56:02","slug":"cookie-richtlinie","status":"publish","type":"page","link":"https:\/\/merca.team\/de\/politique-de-cookies\/","title":{"rendered":"Cookie-Richtlinie"},"content":{"rendered":"<p><strong>Informationen \u00fcber unsere Verwendung von Cookies.<\/strong><\/p>\n\n\n\n<p>Diese Website&nbsp;<a href=\"https:\/\/merca.team\/de\/\">https:\/\/merca.team\/<\/a>&nbsp;verwendet Cookies, um uns dabei zu helfen, unseren Nutzern eine gute Erfahrung zu bieten, wenn sie auf unserer Website surfen, und erm\u00f6glicht es uns au\u00dferdem, unsere Website zu verbessern.<\/p>\n\n\n\n<h3 class=\"wp-block-heading\"><strong>Was ist ein Cookie?<\/strong><\/h3>\n\n\n\n<p>Ein Cookie ist eine kleine, aus Buchstaben und Zahlen bestehende Datei, die wir im Browser eines Nutzers oder auf der Festplatte seines Computers speichern, wenn der Nutzer dem zustimmt. Cookies enthalten Informationen, die auf die Festplatte des Computers des Nutzers \u00fcbertragen werden.<\/p>\n\n\n\n<h3 class=\"wp-block-heading\"><strong>Arten von Cookies und wie wir sie verwenden.<\/strong><\/h3>\n\n\n\n<p>Wir f\u00fchren regelm\u00e4\u00dfig Cookie-Analysen auf unserer Website durch und halten unsere Cookie-Liste auf dem neuesten Stand. Wir teilen Cookies in vier Kategorien ein:<\/p>\n\n\n\n<ul class=\"wp-block-list\">\n<li><strong>Notwendig:<\/strong>\u00a0Letztere sind Cookies, die f\u00fcr den Betrieb unserer Website erforderlich sind. Dazu geh\u00f6ren z. B. Cookies, die es Website-Besuchern erm\u00f6glichen, sich in sichere Bereiche unserer Website einzuloggen, einen Einkaufswagen zu verwenden oder elektronische Rechnungsdienste in Anspruch zu nehmen.\n<ul class=\"wp-block-list\">\n<li><em>li_gc<\/em>\u00a0Ablauf: 180 Tage Beschreibung: Used to store guest consent to the use of cookies for non-essential purposes<\/li>\n\n\n\n<li><em>AnalyticsSyncHistory<\/em>\u00a0Ablauf: 30 Tage Beschreibung: Wird verwendet, um Informationen dar\u00fcber zu speichern, wann ein Abgleich mit dem lms_analytics Cookie f\u00fcr Benutzer in den Designated Countries stattgefunden hat.<\/li>\n\n\n\n<li><em>SRM_B<\/em>\u00a0Verfall: 390 Tage Beschreibung: Die gesammelten Benutzerdaten sind speziell auf den Benutzer oder das Ger\u00e4t abgestimmt. Der Benutzercan wird auch au\u00dferhalb der geladenen Website verfolgt, wodurch ein Bild des Verhaltens des Besuchers entsteht.<\/li>\n\n\n\n<li><em>YSC<\/em>\u00a0Verfall: Session Description: Registriert eine eindeutige ID, um Statistiken dar\u00fcber zu f\u00fchren, welche Videos von YouTube der Benutzer gesehen hat.<\/li>\n\n\n\n<li><em>illow-consent<\/em>\u00a0Ablauf: Session Beschreibung: Dieses Cookie wird verwendet, um eine gegebene Zustimmung in der Plattform nachzuverfolgen.<\/li>\n<\/ul>\n<\/li>\n\n\n\n<li><strong>Marketing:<\/strong>\u00a0Diese Cookies zeichnen die Besuche von Nutzern auf unserer Website auf, die Seiten, die sie besucht haben, und die Links, denen sie gefolgt sind. Wir verwenden diese Informationen, um unsere Website und die darauf angezeigte Werbung relevanter f\u00fcr die Interessen der Besucher unserer Website zu machen.\n<ul class=\"wp-block-list\">\n<li><em>personalization_id<\/em>\u00a0Verfall: 400 Tage Beschreibung: Eindeutiger Wert, mit dem Benutzer von Twitter identifiziert werden k\u00f6nnen. Collected information is used to be personalized Twitter services, including Twitter trends, stories, ads and suggestions.<\/li>\n\n\n\n<li><em>muc_ads<\/em>\u00a0Ablauf: 400 Tage Beschreibung: Diese Cookies werden gesetzt, wenn du \u00fcber Twitter auf unsere Website gelangst. Ein Cookie von Twitter wird ebenfalls auf unserer Website platziert, mit dem wir sp\u00e4ter ein relevantes Angebot auf Twitter anzeigen k\u00f6nnen.<\/li>\n\n\n\n<li><em>lidc<\/em>\u00a0Verfall: 1 Tag Beschreibung: Wird vom sozialen Netzwerkdienst LinkedIn verwendet, um die Nutzung von eingebetteten Diensten zu verfolgen.<\/li>\n\n\n\n<li><em>bcookie<\/em>\u00a0Verfall: 365 Tage Beschreibung: Wird von LinkedIn verwendet, um die Nutzung eingebetteter Dienste nachzuverfolgen.<\/li>\n\n\n\n<li>__<em>hstc<\/em>\u00a0Verfall: 180 Tage Beschreibung: To store time of visit.<\/li>\n\n\n\n<li><em>hubspotutk<\/em>\u00a0Verfall: 180 Tage Beschreibung: um die Identit\u00e4t eines Besuchers zu speichern und zu verfolgen.<\/li>\n\n\n\n<li>_<em>gcl_au<\/em>\u00a0Verfall: 90 Tage Beschreibung: Wird von Google AdSense verwendet, um mit der Werbewirksamkeit auf Websites zu experimentieren, die ihre Dienste nutzen.<\/li>\n\n\n\n<li><em>IDE<\/em>\u00a0Ablauf: 390 Tage Beschreibung: Dieses Cookie wird f\u00fcr das Targeting, die Analyse und die Optimierung von Anzeigenkampagnen in DoubleClick\/Google Marketing Suite verwendet.<\/li>\n\n\n\n<li><em>UserMatchHistory<\/em>\u00a0Verfall: 30 Tage Beschreibung: Diese Cookies werden von LinkedIn f\u00fcr Werbezwecke gesetzt, einschlie\u00dflich: Besucher verfolgen, damit relevantere Werbung pr\u00e4sentiert werden kann, Nutzern erlauben, die 'Apply with LinkedIn' oder 'Sign-in with LinkedIn' Funktionen zu nutzen, Informationen dar\u00fcber sammeln, wie Besucher die Seite nutzen, etc.<\/li>\n\n\n\n<li><em>bscookie<\/em>\u00a0Verfall: 365 Tage Beschreibung: Wird von LinkedIn verwendet, um die Nutzung eingebetteter Dienste nachzuverfolgen.<\/li>\n\n\n\n<li><em>MR<\/em>\u00a0Verfall: 7 Tage Beschreibung: Wird verwendet, um Informationen f\u00fcr Analysezwecke zu sammeln.<\/li>\n\n\n\n<li><em>VISITOR_INFO1_LIVE<\/em>\u00a0Verfall: 180 Tage Beschreibung: Tries to estimate the users' bandwidth on pages with integrated YouTube videos.<\/li>\n<\/ul>\n<\/li>\n\n\n\n<li><strong>Statistiken:<\/strong>\u00a0Sie erm\u00f6glichen es uns, die Anzahl der Besucher zu erkennen und zu z\u00e4hlen und zu sehen, wie sich die Besucher auf unserer Website bewegen, wenn sie sie nutzen. Dies hilft uns, die Funktionsweise unserer Website zu verbessern, indem wir z. B. daf\u00fcr sorgen, dass die Nutzer leicht finden, wonach sie suchen.\n<ul class=\"wp-block-list\">\n<li><em>CLID<\/em>\u00a0Ablauf: 365 Tage Beschreibung: Das Cookie wird von eingebetteten Microsoft Clarity-Skripten gesetzt. Der Zweck dieses Cookies ist f\u00fcr Heatmap und Sitzungsaufzeichnung.<\/li>\n\n\n\n<li>_<em>clsk<\/em>\u00a0Verfall: 1 Tag Beschreibung: Dieses Cookie wird von Microsoft Clarity gesetzt, um Informationen dar\u00fcber zu speichern, wie Besucher eine Website nutzen, und um bei der Erstellung eines Analyseberichts dar\u00fcber zu helfen, wie die Website funktioniert. Die gesammelten Daten umfassen die Anzahl der Besucher, die Quelle, von der sie kamen, und die besuchten Seiten in anonymisierter Form.<\/li>\n\n\n\n<li>__<em>hssrc<\/em>\u00a0Verfall: Session Description: um eine eindeutige Session-ID zu speichern.<\/li>\n\n\n\n<li>__<em>hssc<\/em>\u00a0Verfall: 1 Stunde Beschreibung: to store anonymized statistics.<\/li>\n\n\n\n<li>_<em>ga<\/em>\u00a0Verfall: 400 Tage Beschreibung: ID used to identify users<\/li>\n\n\n\n<li><strong>ga<\/strong>\u00a0Verfall: 400 Tage Beschreibung: ID used to identify users<\/li>\n\n\n\n<li><em>SM<\/em>\u00a0Ablauf: Session Description: Dies ist ein Microsoft-Cookie, das wir verwenden, um die Nutzung der Website f\u00fcr interne Analysen zu messen.<\/li>\n\n\n\n<li>_<em>clck<\/em>\u00a0Verfall: 365 Tage Beschreibung: Dieses Cookie wird von Microsoft Clarity gesetzt, um Informationen dar\u00fcber zu speichern, wie Besucher eine Website nutzen, und um bei der Erstellung eines Analyseberichts dar\u00fcber zu helfen, wie die Website funktioniert. Die gesammelten Daten umfassen die Anzahl der Besucher, die Quelle, von der sie kamen, und die besuchten Seiten in anonymisierter Form.<\/li>\n<\/ul>\n<\/li>\n\n\n\n<li><strong>Voreinstellungen:<\/strong>\u00a0Sie werden verwendet, um Nutzer wiederzuerkennen, wenn sie auf unsere Website zur\u00fcckkehren. Dadurch k\u00f6nnen wir die Inhalte f\u00fcr sie anpassen und ihre Pr\u00e4ferenzen (z. B. ihre Sprach- oder Regionalwahl) speichern.\n<ul class=\"wp-block-list\">\n<li><em>li_sugr<\/em>\u00a0Verfall: 90 Tage Beschreibung: Wird verwendet, um eine wahrscheinliche \u00dcbereinstimmung der Identit\u00e4t eines Benutzers au\u00dferhalb der Designated Countries herzustellen.<\/li>\n<\/ul>\n<\/li>\n<\/ul>\n\n\n\n<p>Je nachdem, wo sich der Nutzer befindet, kann er sich von jeder Cookie-Kategorie (mit Ausnahme der notwendigen Cookies) abmelden, indem er im Cookie-Banner unserer Website auf \"Benutzerdefinierte Autorisierung festlegen\" klickt.<\/p>","protected":false},"excerpt":{"rendered":"<p>Informations sur notre utilisation des cookies. Ce site Web&nbsp;https:\/\/merca.team\/&nbsp;utilise des cookies pour nous aider \u00e0 offrir \u00e0 nos utilisateurs une bonne exp\u00e9rience lorsqu&rsquo;ils naviguent sur notre site web et nous permet \u00e9galement d&rsquo;am\u00e9liorer notre site. Qu&rsquo;est-ce qu&rsquo;un cookie ? Un cookie est un petit fichier compos\u00e9 de lettres et de chiffres que nous stockons sur [&hellip;]<\/p>\n","protected":false},"author":1,"featured_media":0,"parent":0,"menu_order":0,"comment_status":"closed","ping_status":"closed","template":"","meta":{"_seopress_robots_primary_cat":"","_seopress_titles_title":"","_seopress_titles_desc":"","_seopress_robots_index":"","footnotes":""},"page-type":[],"class_list":["post-767","page","type-page","status-publish","hentry"],"_links":{"self":[{"href":"https:\/\/merca.team\/de\/wp-json\/wp\/v2\/pages\/767","targetHints":{"allow":["GET"]}}],"collection":[{"href":"https:\/\/merca.team\/de\/wp-json\/wp\/v2\/pages"}],"about":[{"href":"https:\/\/merca.team\/de\/wp-json\/wp\/v2\/types\/page"}],"author":[{"embeddable":true,"href":"https:\/\/merca.team\/de\/wp-json\/wp\/v2\/users\/1"}],"replies":[{"embeddable":true,"href":"https:\/\/merca.team\/de\/wp-json\/wp\/v2\/comments?post=767"}],"version-history":[{"count":0,"href":"https:\/\/merca.team\/de\/wp-json\/wp\/v2\/pages\/767\/revisions"}],"wp:attachment":[{"href":"https:\/\/merca.team\/de\/wp-json\/wp\/v2\/media?parent=767"}],"wp:term":[{"taxonomy":"page-type","embeddable":true,"href":"https:\/\/merca.team\/de\/wp-json\/wp\/v2\/page-type?post=767"}],"curies":[{"name":"wp","href":"https:\/\/api.w.org\/{rel}","templated":true}]}}