{"id":763,"date":"2024-10-31T09:11:25","date_gmt":"2024-10-31T08:11:25","guid":{"rendered":"https:\/\/merca.presspulp.com\/?page_id=763"},"modified":"2025-07-08T14:16:29","modified_gmt":"2025-07-08T12:16:29","slug":"datenschutzrichtlinie","status":"publish","type":"page","link":"https:\/\/merca.team\/de\/politique-de-confidentialite\/","title":{"rendered":"Datenschutzrichtlinie"},"content":{"rendered":"<p>Die DSGVO ist die Allgemeine Datenschutzverordnung der Europ\u00e4ischen Union. Sie k\u00f6nnen mehr erfahren \u00fcber\u00a0<a href=\"https:\/\/www.economie.gouv.fr\/entreprises\/reglement-general-protection-donnees-rgpd\">diesen Link<\/a>\u00a0der franz\u00f6sischen Regierung.<\/p>\n\n\n\n<p>Bei Mercateam befinden wir uns in einem st\u00e4ndigen Prozess der Anpassung an diese Verordnung. Hier sind unsere wichtigsten RGPD-Ma\u00dfnahmen in 10 Punkten:<\/p>\n\n\n\n<ol class=\"wp-block-list\">\n<li>Wir sind zertifiziert&nbsp;<a href=\"https:\/\/www.iso.org\/fr\/standard\/27001\">ISO27001<\/a>&nbsp;und alle unsere Mitarbeiter werden zu diesem Thema geschult;<\/li>\n\n\n\n<li>Wir haben einen klaren vertraglichen Rahmen mit unseren Partnern, der die Verantwortlichkeiten jedes Einzelnen in Bezug auf die zwischen den beiden Einheiten geteilten Daten festlegt;<\/li>\n\n\n\n<li>Wir f\u00fchren ein Verarbeitungsverzeichnis, in dem alle Verarbeitungen, die mit den uns \u00fcbermittelten personenbezogenen Daten vorgenommen werden, identifiziert und aktualisiert werden;<\/li>\n\n\n\n<li>Wir ernennen einen Datenschutzbeauftragten (DSB), der daf\u00fcr zust\u00e4ndig ist, die Einhaltung der Datenschutzpolitik intern zu gew\u00e4hrleisten ;<\/li>\n\n\n\n<li>Unsere Plattform bietet Funktionen f\u00fcr&nbsp;<a href=\"https:\/\/app.intercom.com\/a\/apps\/ptjev4an\/articles\/articles\/7857686\/show\">rollenbasierte Zugriffskontrolle (RBAC)<\/a>&nbsp;;<\/li>\n\n\n\n<li>Es ist m\u00f6glich, unsere Plattform mit anderer Software, die Sie verwenden, zu vernetzen, um die \u00dcbertragung von Daten zu erleichtern und zu sch\u00fctzen;<\/li>\n\n\n\n<li>Alle Verbindungen auf unserer Plattform sind Ende-zu-Ende verschl\u00fcsselt;<\/li>\n\n\n\n<li>Die Daten werden im Rahmen unserer Politik zur Vermeidung von Datenverlusten t\u00e4glich automatisch gesichert, mit einer Standardaufbewahrungsfrist von 30 Tagen ;<\/li>\n\n\n\n<li>Unsere Plattform wird gehostet bei&nbsp;<a href=\"https:\/\/cloud.google.com\/terms?hl=fr\">Google Cloud Platform<\/a>Die meisten von ihnen sind f\u00fcr ihre mehrschichtigen Sicherheitssysteme bekannt;<\/li>\n\n\n\n<li>Wir haben ein Haupt- und ein Back-up-Rechenzentrum, die sich in Belgien befinden, mit einem multiregionalen Speichersystem, um eine gute Datenredundanz zu gew\u00e4hrleisten.<\/li>\n<\/ol>\n\n\n\n<p><em>NB: Im Rahmen der Dienstleistungen, die Mercateam seinen Kunden anbietet, handelt Mercateam als Unterauftragsverarbeiter dieser Kunden. Es obliegt daher auch diesen, die Konformit\u00e4t ihrer Operationen mit der DSGVO sicherzustellen, insbesondere in Bezug auf die Operationen zur Erhebung personenbezogener Daten, die anschlie\u00dfend an Mercateam weitergeleitet werden.<\/em><\/p>","protected":false},"excerpt":{"rendered":"<p>Le RGPD est le R\u00e8glement G\u00e9n\u00e9ral sur la Protection des Donn\u00e9es de l\u2019Union Europ\u00e9enne. Vous pouvez en savoir plus sur\u00a0ce lien\u00a0du gouvernement fran\u00e7ais. Chez Mercateam, nous sommes en d\u00e9marche constante de mise en conformit\u00e9 avec ce r\u00e8glement. Voici nos mesures RGPD principales en 10 points : NB : Dans le cadre des services propos\u00e9s \u00e0 [&hellip;]<\/p>\n","protected":false},"author":1,"featured_media":0,"parent":0,"menu_order":0,"comment_status":"closed","ping_status":"closed","template":"","meta":{"_seopress_robots_primary_cat":"","_seopress_titles_title":"","_seopress_titles_desc":"","_seopress_robots_index":"","footnotes":""},"page-type":[],"class_list":["post-763","page","type-page","status-publish","hentry"],"_links":{"self":[{"href":"https:\/\/merca.team\/de\/wp-json\/wp\/v2\/pages\/763","targetHints":{"allow":["GET"]}}],"collection":[{"href":"https:\/\/merca.team\/de\/wp-json\/wp\/v2\/pages"}],"about":[{"href":"https:\/\/merca.team\/de\/wp-json\/wp\/v2\/types\/page"}],"author":[{"embeddable":true,"href":"https:\/\/merca.team\/de\/wp-json\/wp\/v2\/users\/1"}],"replies":[{"embeddable":true,"href":"https:\/\/merca.team\/de\/wp-json\/wp\/v2\/comments?post=763"}],"version-history":[{"count":0,"href":"https:\/\/merca.team\/de\/wp-json\/wp\/v2\/pages\/763\/revisions"}],"wp:attachment":[{"href":"https:\/\/merca.team\/de\/wp-json\/wp\/v2\/media?parent=763"}],"wp:term":[{"taxonomy":"page-type","embeddable":true,"href":"https:\/\/merca.team\/de\/wp-json\/wp\/v2\/page-type?post=763"}],"curies":[{"name":"wp","href":"https:\/\/api.w.org\/{rel}","templated":true}]}}