{"id":5506,"date":"2024-11-11T15:12:24","date_gmt":"2024-11-11T14:12:24","guid":{"rendered":"https:\/\/merca.presspulp.com\/?page_id=5506"},"modified":"2025-09-30T15:10:39","modified_gmt":"2025-09-30T13:10:39","slug":"interim-management","status":"publish","type":"page","link":"https:\/\/merca.team\/de\/gestion-interimaire\/","title":{"rendered":"Interim Management"},"content":{"rendered":"","protected":false},"excerpt":{"rendered":"","protected":false},"author":1,"featured_media":6894,"parent":0,"menu_order":0,"comment_status":"closed","ping_status":"closed","template":"","meta":{"_seopress_robots_primary_cat":"","_seopress_titles_title":"Plateforme de gestion des Int\u00e9rimaires - secteur Industriel","_seopress_titles_desc":"Gagnez en efficacit\u00e9 sur la gestion de vos int\u00e9rimaires. Centralisez et simplifiez la gestion de vos \u00e9quipes d'int\u00e9rimaires et de saisonniers. Gagnez ...","_seopress_robots_index":"","footnotes":""},"page-type":[30],"class_list":["post-5506","page","type-page","status-publish","has-post-thumbnail","hentry"],"_links":{"self":[{"href":"https:\/\/merca.team\/de\/wp-json\/wp\/v2\/pages\/5506","targetHints":{"allow":["GET"]}}],"collection":[{"href":"https:\/\/merca.team\/de\/wp-json\/wp\/v2\/pages"}],"about":[{"href":"https:\/\/merca.team\/de\/wp-json\/wp\/v2\/types\/page"}],"author":[{"embeddable":true,"href":"https:\/\/merca.team\/de\/wp-json\/wp\/v2\/users\/1"}],"replies":[{"embeddable":true,"href":"https:\/\/merca.team\/de\/wp-json\/wp\/v2\/comments?post=5506"}],"version-history":[{"count":2,"href":"https:\/\/merca.team\/de\/wp-json\/wp\/v2\/pages\/5506\/revisions"}],"predecessor-version":[{"id":9556,"href":"https:\/\/merca.team\/de\/wp-json\/wp\/v2\/pages\/5506\/revisions\/9556"}],"wp:featuredmedia":[{"embeddable":true,"href":"https:\/\/merca.team\/de\/wp-json\/wp\/v2\/media\/6894"}],"wp:attachment":[{"href":"https:\/\/merca.team\/de\/wp-json\/wp\/v2\/media?parent=5506"}],"wp:term":[{"taxonomy":"page-type","embeddable":true,"href":"https:\/\/merca.team\/de\/wp-json\/wp\/v2\/page-type?post=5506"}],"curies":[{"name":"wp","href":"https:\/\/api.w.org\/{rel}","templated":true}]}}