{"id":5502,"date":"2024-11-11T15:11:44","date_gmt":"2024-11-11T14:11:44","guid":{"rendered":"https:\/\/merca.presspulp.com\/?page_id=5502"},"modified":"2025-09-12T13:53:53","modified_gmt":"2025-09-12T11:53:53","slug":"vielseitigkeit","status":"publish","type":"page","link":"https:\/\/merca.team\/de\/polyvalence\/","title":{"rendered":"Vielseitigkeit"},"content":{"rendered":"","protected":false},"excerpt":{"rendered":"","protected":false},"author":1,"featured_media":6909,"parent":0,"menu_order":0,"comment_status":"closed","ping_status":"closed","template":"","meta":{"_seopress_robots_primary_cat":"","_seopress_titles_title":"D\u00e9veloppez la polyvalence de vos \u00e9quipes de production","_seopress_titles_desc":"Pilotez efficacement la mont\u00e9e en comp\u00e9tences de vos op\u00e9rateurs pour une production plus agile et r\u00e9siliente ...\n","_seopress_robots_index":"","footnotes":""},"page-type":[30],"class_list":["post-5502","page","type-page","status-publish","has-post-thumbnail","hentry"],"_links":{"self":[{"href":"https:\/\/merca.team\/de\/wp-json\/wp\/v2\/pages\/5502","targetHints":{"allow":["GET"]}}],"collection":[{"href":"https:\/\/merca.team\/de\/wp-json\/wp\/v2\/pages"}],"about":[{"href":"https:\/\/merca.team\/de\/wp-json\/wp\/v2\/types\/page"}],"author":[{"embeddable":true,"href":"https:\/\/merca.team\/de\/wp-json\/wp\/v2\/users\/1"}],"replies":[{"embeddable":true,"href":"https:\/\/merca.team\/de\/wp-json\/wp\/v2\/comments?post=5502"}],"version-history":[{"count":2,"href":"https:\/\/merca.team\/de\/wp-json\/wp\/v2\/pages\/5502\/revisions"}],"predecessor-version":[{"id":9561,"href":"https:\/\/merca.team\/de\/wp-json\/wp\/v2\/pages\/5502\/revisions\/9561"}],"wp:featuredmedia":[{"embeddable":true,"href":"https:\/\/merca.team\/de\/wp-json\/wp\/v2\/media\/6909"}],"wp:attachment":[{"href":"https:\/\/merca.team\/de\/wp-json\/wp\/v2\/media?parent=5502"}],"wp:term":[{"taxonomy":"page-type","embeddable":true,"href":"https:\/\/merca.team\/de\/wp-json\/wp\/v2\/page-type?post=5502"}],"curies":[{"name":"wp","href":"https:\/\/api.w.org\/{rel}","templated":true}]}}